{"id":42,"date":"2018-12-05T10:35:29","date_gmt":"2018-12-05T09:35:29","guid":{"rendered":"https:\/\/ablal.de\/?page_id=42"},"modified":"2019-02-16T00:40:47","modified_gmt":"2019-02-15T23:40:47","slug":"stainless-steel-stainless-steel-foils-industry-technology","status":"publish","type":"page","link":"https:\/\/ablal.de\/en\/produkte\/edelstahl-edelstahlfolien-industrie-technik\/","title":{"rendered":"Areas of application for stainless steel and stainless steel foils in industry and technology"},"content":{"rendered":"<div id=\"einleitung\">\n<div class=\"item\">\nWe manufacture and supply stainless steel foils and stainless steel products for industry, trade, the processing industry and for technical applications, as well as for use in vehicle construction and the building industry.<\/p>\n<p>You can obtain stainless steel foil and strip in standardized dimensions and in a wide range of different alloys and dimensions, including small quantities or custom-made products on request. They can be finished in terms of function and surface according to customer requirements and application purpose.<\/p>\n<p>Even if your material requirements are complicated or need to be specifically tailored to your production, we can supply you or assist you with product development.<br \/>\nStainless steel products from ABLAL meet industrial requirements perfectly and are manufactured to the latest standards.\n<\/p><\/div>\n<div class=\"item\">\n<img loading=\"lazy\" decoding=\"async\" width=\"1300\" height=\"304\" src=\"https:\/\/ablal.de\/wp-content\/uploads\/2019\/02\/edelstahl.jpg\" alt=\"Stainless steel foil\" class=\"alignnone size-full wp-image-114\" srcset=\"https:\/\/ablal.de\/wp-content\/uploads\/2019\/02\/edelstahl.jpg 1300w, https:\/\/ablal.de\/wp-content\/uploads\/2019\/02\/edelstahl-250x58.jpg 250w, https:\/\/ablal.de\/wp-content\/uploads\/2019\/02\/edelstahl-768x180.jpg 768w, https:\/\/ablal.de\/wp-content\/uploads\/2019\/02\/edelstahl-700x164.jpg 700w, https:\/\/ablal.de\/wp-content\/uploads\/2019\/02\/edelstahl-120x28.jpg 120w\" sizes=\"auto, (max-width: 1300px) 100vw, 1300px\" \/>\n<\/div>\n<\/div>\n<h2>Areas of application for stainless steel and stainless steel foils in industry and technology<\/h2>\n<p>Stainless steel is generally understood to be steel that has a special degree of purity. In terms of application, stainless steel is understood to be that which can be classified as rustproof. Stainless steel offers numerous advantages over conventional metals and steels. It is temperature-resistant, weldable, low-maintenance, durable and economical.<\/p>\n<h3>Stainless steel and its properties<\/h3>\n<p>We supply stainless steel foils in standardized dimensions and in the following alloys:<\/p>\n<p><strong>Material thickness<\/strong> \u00a0\u00a0\u00a0\u00a0\u00a0\u00a0\u00a0\u00a0\u00a0\u00a0\u00a0\u00a0\u00a0\u00a0\u00a0\u00a0\u00a0\u00a0\u00a0\u00a0\u00a0\u00a0\u00a0\u00a0\u00a0\u00a0\u00a0\u00a0\u00a0\u00a0\u00a0\u00a0\u00a0\u00a0\u00a0\u00a0\u00a0\u00a0\u00a0\u00a0\u00a0\u00a0\u00a0\u00a0<\/p>\n<ul>\n<li>0.05mm<\/li>\n<li>0,10mm<\/li>\n<li>0,15mm<\/li>\n<li>0,20mm<\/li>\n<li>0,25mm<\/li>\n<li>0,30mm <\/li>\n<\/ul>\n<p><strong>Alloy<\/strong><\/p>\n<ul>\n<li>4404, 1.4828<\/li>\n<li>4301, 1.4404, 1.4541, 1.4828<\/li>\n<li>4301, 1.4541, 1.4828<\/li>\n<li>4301, 1.4541, 1.4828<\/li>\n<li>4301<\/li>\n<li>4301 (610mm width)<\/li>\n<\/ul>\n<p>1000mm is the standard width. We can offer you cuts and special sizes on request. We can supply you with small quantities on request.<\/p>\n<p>Contact with oxygen from the air causes a thin layer of chromium oxide to form on the surface. This can be formed again and again even if damaged and is also referred to as self-healing in materials science. This property in particular can be improved by alloying elements. This further improves the mechanical and chemical properties.<\/p>\n<p>Stainless steel foils are made of wafer-thin stainless steel. The thickness is around 50 \u00b5m.<\/p>\n<h3>Stainless steel in industry and technology<\/h3>\n<p>X2CrNi12, for example, is a stainless, ferritic steel. The chromium content is between 10.5 and 12.5 %. It also contains nickel. This stainless steel is more resistant than conventional structural steels. It has high corrosion resistance, abrasion resistance and very good dynamic strength values. This steel is mainly used in rail vehicle construction, commercial vehicle construction and apparatus engineering.<\/p>\n<p>X20Cr13 is a stainless and chrome-alloyed heat-treated steel. It has a finely ground surface and therefore medium strength. This steel is used in turbine construction, pump construction, the construction of fittings and household appliances.<\/p>\n<p>Another stainless steel is X6Cr17. This is a ferritic steel. The chromium content is 17%. It has good corrosion resistance, but tends to become brittle at an ambient temperature of 20\u00b0C. This stainless steel is used in the areas of beverage production, kitchen appliances, medical technology and the furniture industry.<\/p>\n<p>The stainless steel X5CrNi18-10 is also known as V2A. This is an acid-resistant, austenitic stainless steel with a low carbon content. This steel is temperature-resistant up to 600\u00b0C. It has good polishability and good formability. This steel is used in sanitary facilities, art objects and in the manufacture of surgical instruments.<\/p>\n<h2>Stainless steel foils<\/h2>\n<p>Stainless steel foils are mainly used in construction for heat distribution and thermal insulation, e.g. as a separating layer between insulation and heating. Stainless steel foils are also used for springs, insulating glazing or speech membranes. This also includes nickel foil, which is used in medical technology for bursting disks.<\/p>\n<h3>Quality<\/h3>\n<p>The stainless steel foils we supply comply with the latest standards. ABLAL products undergo continuous quality control, which guarantees you the highest level of product safety.<\/p>\n<h3>Consulting<\/h3>\n<p>ABLAL is at your side for all questions relating to our products. In addition to technical support, we are also happy to advise you on product development or material optimization.<\/p>","protected":false},"excerpt":{"rendered":"Wir fertigen und liefern Edelstahlfolien und Edelstahlprodukte f\u00fcr Industrie, Handel, weiterverarbeitende Industrie und f\u00fcr technische Anwendung, sowie auch zur Verwendung im Fahrzeugbau und Bauwirtschaft. Sie erhalten Edelstahlfolien- und B\u00e4nder in genormten Ma\u00dfen und in einer breiten Palette unterschiedlichster Legierungen und Abmessungen, auf Anfrage auch Mindermengen oder Sonderanfertigungen. Sie k\u00f6nnen nach Kundenwunsch und Anwendungszweck in Funktion&#8230; <a class=\"view-article\" href=\"https:\/\/ablal.de\/en\/produkte\/edelstahl-edelstahlfolien-industrie-technik\/\">Read more<\/a>","protected":false},"author":1,"featured_media":0,"parent":33,"menu_order":0,"comment_status":"closed","ping_status":"closed","template":"","meta":{"footnotes":""},"class_list":["post-42","page","type-page","status-publish","hentry"],"yoast_head":"<!-- This site is optimized with the Yoast SEO plugin v26.9 - https:\/\/yoast.com\/product\/yoast-seo-wordpress\/ -->\n<title>Anwendungsgebiete von Edelstahl und Edelstahlfolien in Industrie und Technik<\/title>\n<meta name=\"description\" content=\"Wir liefern Edelstahlfolien aus hauchd\u00fcnnem Edelstahl in genormten Ma\u00dfen und Legierungen f\u00fcr die Anwendung in Industrie und Technik\" \/>\n<meta name=\"robots\" content=\"index, follow, max-snippet:-1, max-image-preview:large, max-video-preview:-1\" \/>\n<link rel=\"canonical\" href=\"https:\/\/ablal.de\/en\/products\/stainless-steel-stainless-steel-foils-industry-technology\/\" \/>\n<meta property=\"og:locale\" content=\"en_US\" \/>\n<meta property=\"og:type\" content=\"article\" \/>\n<meta property=\"og:title\" content=\"Anwendungsgebiete von Edelstahl und Edelstahlfolien in Industrie und Technik\" \/>\n<meta property=\"og:description\" content=\"Wir liefern Edelstahlfolien aus hauchd\u00fcnnem Edelstahl in genormten Ma\u00dfen und Legierungen f\u00fcr die Anwendung in Industrie und Technik\" \/>\n<meta property=\"og:url\" content=\"https:\/\/ablal.de\/en\/products\/stainless-steel-stainless-steel-foils-industry-technology\/\" \/>\n<meta property=\"og:site_name\" content=\"Aluminiumfolie, Blister, Laminate\" \/>\n<meta property=\"article:modified_time\" content=\"2019-02-15T23:40:47+00:00\" \/>\n<meta property=\"og:image\" content=\"https:\/\/ablal.de\/wp-content\/uploads\/2019\/02\/edelstahl.jpg\" \/>\n<meta name=\"twitter:card\" content=\"summary_large_image\" \/>\n<meta name=\"twitter:label1\" content=\"Est. reading time\" \/>\n\t<meta name=\"twitter:data1\" content=\"3 minutes\" \/>\n<script type=\"application\/ld+json\" class=\"yoast-schema-graph\">{\"@context\":\"https:\/\/schema.org\",\"@graph\":[{\"@type\":\"WebPage\",\"@id\":\"https:\/\/ablal.de\/produkte\/edelstahl-edelstahlfolien-industrie-technik\/\",\"url\":\"https:\/\/ablal.de\/produkte\/edelstahl-edelstahlfolien-industrie-technik\/\",\"name\":\"Anwendungsgebiete von Edelstahl und Edelstahlfolien in Industrie und Technik\",\"isPartOf\":{\"@id\":\"https:\/\/ablal.de\/#website\"},\"primaryImageOfPage\":{\"@id\":\"https:\/\/ablal.de\/produkte\/edelstahl-edelstahlfolien-industrie-technik\/#primaryimage\"},\"image\":{\"@id\":\"https:\/\/ablal.de\/produkte\/edelstahl-edelstahlfolien-industrie-technik\/#primaryimage\"},\"thumbnailUrl\":\"https:\/\/ablal.de\/wp-content\/uploads\/2019\/02\/edelstahl.jpg\",\"datePublished\":\"2018-12-05T09:35:29+00:00\",\"dateModified\":\"2019-02-15T23:40:47+00:00\",\"description\":\"Wir liefern Edelstahlfolien aus hauchd\u00fcnnem Edelstahl in genormten Ma\u00dfen und Legierungen f\u00fcr die Anwendung in Industrie und Technik\",\"breadcrumb\":{\"@id\":\"https:\/\/ablal.de\/produkte\/edelstahl-edelstahlfolien-industrie-technik\/#breadcrumb\"},\"inLanguage\":\"en-US\",\"potentialAction\":[{\"@type\":\"ReadAction\",\"target\":[\"https:\/\/ablal.de\/produkte\/edelstahl-edelstahlfolien-industrie-technik\/\"]}]},{\"@type\":\"ImageObject\",\"inLanguage\":\"en-US\",\"@id\":\"https:\/\/ablal.de\/produkte\/edelstahl-edelstahlfolien-industrie-technik\/#primaryimage\",\"url\":\"https:\/\/ablal.de\/wp-content\/uploads\/2019\/02\/edelstahl.jpg\",\"contentUrl\":\"https:\/\/ablal.de\/wp-content\/uploads\/2019\/02\/edelstahl.jpg\"},{\"@type\":\"BreadcrumbList\",\"@id\":\"https:\/\/ablal.de\/produkte\/edelstahl-edelstahlfolien-industrie-technik\/#breadcrumb\",\"itemListElement\":[{\"@type\":\"ListItem\",\"position\":1,\"name\":\"Startseite\",\"item\":\"https:\/\/ablal.de\/\"},{\"@type\":\"ListItem\",\"position\":2,\"name\":\"Produkte\",\"item\":\"https:\/\/ablal.de\/produkte\/\"},{\"@type\":\"ListItem\",\"position\":3,\"name\":\"Anwendungsgebiete von Edelstahl und Edelstahlfolien in Industrie und Technik\"}]},{\"@type\":\"WebSite\",\"@id\":\"https:\/\/ablal.de\/#website\",\"url\":\"https:\/\/ablal.de\/\",\"name\":\"Aluminiumfolie, Blister, Laminate\",\"description\":\"ABL Al\",\"potentialAction\":[{\"@type\":\"SearchAction\",\"target\":{\"@type\":\"EntryPoint\",\"urlTemplate\":\"https:\/\/ablal.de\/?s={search_term_string}\"},\"query-input\":{\"@type\":\"PropertyValueSpecification\",\"valueRequired\":true,\"valueName\":\"search_term_string\"}}],\"inLanguage\":\"en-US\"}]}<\/script>\n<!-- \/ Yoast SEO plugin. -->","yoast_head_json":{"title":"Areas of application for stainless steel and stainless steel foils in industry and technology","description":"We supply stainless steel foils made of ultra-thin stainless steel in standardized dimensions and alloys for use in industry and technology","robots":{"index":"index","follow":"follow","max-snippet":"max-snippet:-1","max-image-preview":"max-image-preview:large","max-video-preview":"max-video-preview:-1"},"canonical":"https:\/\/ablal.de\/en\/products\/stainless-steel-stainless-steel-foils-industry-technology\/","og_locale":"en_US","og_type":"article","og_title":"Anwendungsgebiete von Edelstahl und Edelstahlfolien in Industrie und Technik","og_description":"Wir liefern Edelstahlfolien aus hauchd\u00fcnnem Edelstahl in genormten Ma\u00dfen und Legierungen f\u00fcr die Anwendung in Industrie und Technik","og_url":"https:\/\/ablal.de\/en\/products\/stainless-steel-stainless-steel-foils-industry-technology\/","og_site_name":"Aluminiumfolie, Blister, Laminate","article_modified_time":"2019-02-15T23:40:47+00:00","og_image":[{"url":"https:\/\/ablal.de\/wp-content\/uploads\/2019\/02\/edelstahl.jpg","type":"","width":"","height":""}],"twitter_card":"summary_large_image","twitter_misc":{"Est. reading time":"3 minutes"},"schema":{"@context":"https:\/\/schema.org","@graph":[{"@type":"WebPage","@id":"https:\/\/ablal.de\/produkte\/edelstahl-edelstahlfolien-industrie-technik\/","url":"https:\/\/ablal.de\/produkte\/edelstahl-edelstahlfolien-industrie-technik\/","name":"Areas of application for stainless steel and stainless steel foils in industry and technology","isPartOf":{"@id":"https:\/\/ablal.de\/#website"},"primaryImageOfPage":{"@id":"https:\/\/ablal.de\/produkte\/edelstahl-edelstahlfolien-industrie-technik\/#primaryimage"},"image":{"@id":"https:\/\/ablal.de\/produkte\/edelstahl-edelstahlfolien-industrie-technik\/#primaryimage"},"thumbnailUrl":"https:\/\/ablal.de\/wp-content\/uploads\/2019\/02\/edelstahl.jpg","datePublished":"2018-12-05T09:35:29+00:00","dateModified":"2019-02-15T23:40:47+00:00","description":"We supply stainless steel foils made of ultra-thin stainless steel in standardized dimensions and alloys for use in industry and technology","breadcrumb":{"@id":"https:\/\/ablal.de\/produkte\/edelstahl-edelstahlfolien-industrie-technik\/#breadcrumb"},"inLanguage":"en-US","potentialAction":[{"@type":"ReadAction","target":["https:\/\/ablal.de\/produkte\/edelstahl-edelstahlfolien-industrie-technik\/"]}]},{"@type":"ImageObject","inLanguage":"en-US","@id":"https:\/\/ablal.de\/produkte\/edelstahl-edelstahlfolien-industrie-technik\/#primaryimage","url":"https:\/\/ablal.de\/wp-content\/uploads\/2019\/02\/edelstahl.jpg","contentUrl":"https:\/\/ablal.de\/wp-content\/uploads\/2019\/02\/edelstahl.jpg"},{"@type":"BreadcrumbList","@id":"https:\/\/ablal.de\/produkte\/edelstahl-edelstahlfolien-industrie-technik\/#breadcrumb","itemListElement":[{"@type":"ListItem","position":1,"name":"Startseite","item":"https:\/\/ablal.de\/"},{"@type":"ListItem","position":2,"name":"Produkte","item":"https:\/\/ablal.de\/produkte\/"},{"@type":"ListItem","position":3,"name":"Anwendungsgebiete von Edelstahl und Edelstahlfolien in Industrie und Technik"}]},{"@type":"WebSite","@id":"https:\/\/ablal.de\/#website","url":"https:\/\/ablal.de\/","name":"Aluminum foil, blisters, laminates","description":"ABL Al","potentialAction":[{"@type":"SearchAction","target":{"@type":"EntryPoint","urlTemplate":"https:\/\/ablal.de\/?s={search_term_string}"},"query-input":{"@type":"PropertyValueSpecification","valueRequired":true,"valueName":"search_term_string"}}],"inLanguage":"en-US"}]}},"_links":{"self":[{"href":"https:\/\/ablal.de\/en\/wp-json\/wp\/v2\/pages\/42","targetHints":{"allow":["GET"]}}],"collection":[{"href":"https:\/\/ablal.de\/en\/wp-json\/wp\/v2\/pages"}],"about":[{"href":"https:\/\/ablal.de\/en\/wp-json\/wp\/v2\/types\/page"}],"author":[{"embeddable":true,"href":"https:\/\/ablal.de\/en\/wp-json\/wp\/v2\/users\/1"}],"replies":[{"embeddable":true,"href":"https:\/\/ablal.de\/en\/wp-json\/wp\/v2\/comments?post=42"}],"version-history":[{"count":4,"href":"https:\/\/ablal.de\/en\/wp-json\/wp\/v2\/pages\/42\/revisions"}],"predecessor-version":[{"id":119,"href":"https:\/\/ablal.de\/en\/wp-json\/wp\/v2\/pages\/42\/revisions\/119"}],"up":[{"embeddable":true,"href":"https:\/\/ablal.de\/en\/wp-json\/wp\/v2\/pages\/33"}],"wp:attachment":[{"href":"https:\/\/ablal.de\/en\/wp-json\/wp\/v2\/media?parent=42"}],"curies":[{"name":"wp","href":"https:\/\/api.w.org\/{rel}","templated":true}]}}