{"id":5,"date":"2018-11-09T12:17:12","date_gmt":"2018-11-09T11:17:12","guid":{"rendered":"https:\/\/ablal.de\/?page_id=5"},"modified":"2019-03-22T11:54:18","modified_gmt":"2019-03-22T10:54:18","slug":"home","status":"publish","type":"page","link":"https:\/\/ablal.de\/en\/","title":{"rendered":"Home"},"content":{"rendered":"<p><!-- Section --><\/p>\n<section class=\"bg-default-variant-2 relative\">\n<div class=\"container\">\n<div class=\"row\">\n<div class=\"col-lg-8 text-center text-lg-left\">\n<div class=\"col-md-12 inset-7\">\n<h2>We develop with<\/h2>\n<p class=\"big font-family-1\">We are happy to support your project with our expertise and innovative product solutions<\/p>\n<p class=\"text-primary ubold\">We advise you:<\/p>\n<ul class=\"marked-list\">\n<li><a href=\"#kontaktaufnahme\">Product development<\/a><\/li>\n<li><a href=\"#kontaktaufnahme\">Technical support<\/a><\/li>\n<li><a href=\"#kontaktaufnahme\">Project development<\/a><\/li>\n<li><a href=\"#kontaktaufnahme\">Quality assurance<\/a><\/li>\n<li><a href=\"#kontaktaufnahme\">Authorization<\/a><\/li>\n<li><a href=\"#kontaktaufnahme\">Production process<\/a><\/li>\n<\/ul>\n<\/div>\n<\/div>\n<div class=\"image-wrap image-wrap--image-3\"><img loading=\"lazy\" decoding=\"async\" width=\"810\" height=\"610\" class=\"alignnone size-full wp-image-8\" src=\"https:\/\/ablal.de\/wp-content\/uploads\/2018\/11\/entwicklung.jpg\" alt=\"Development. We develop with\" srcset=\"https:\/\/ablal.de\/wp-content\/uploads\/2018\/11\/entwicklung.jpg 810w, https:\/\/ablal.de\/wp-content\/uploads\/2018\/11\/entwicklung-250x188.jpg 250w, https:\/\/ablal.de\/wp-content\/uploads\/2018\/11\/entwicklung-768x578.jpg 768w, https:\/\/ablal.de\/wp-content\/uploads\/2018\/11\/entwicklung-700x527.jpg 700w, https:\/\/ablal.de\/wp-content\/uploads\/2018\/11\/entwicklung-120x90.jpg 120w\" sizes=\"auto, (max-width: 810px) 100vw, 810px\" \/><\/div>\n<\/div>\n<\/div>\n<\/section>\n<p><!-- End Section --><\/p>\n<p><!-- Section --><\/p>\n<section class=\"well text-center text-md-left\">\n<div class=\"container\">\n<h2>We are manufacturer and supplier for:<\/h2>\n<div class=\"box-skin-2-prefix offset\">\n<div class=\"box-skin-2\">\n<img loading=\"lazy\" decoding=\"async\" width=\"200\" height=\"300\" class=\"alignnone size-full wp-image-129\" src=\"https:\/\/ablal.de\/wp-content\/uploads\/2019\/03\/aluminiumfolie-klein.jpg\" alt=\"Aluminum foil\" srcset=\"https:\/\/ablal.de\/wp-content\/uploads\/2019\/03\/aluminiumfolie-klein.jpg 200w, https:\/\/ablal.de\/wp-content\/uploads\/2019\/03\/aluminiumfolie-klein-120x180.jpg 120w\" sizes=\"auto, (max-width: 200px) 100vw, 200px\" \/><\/p>\n<h3 class=\"text-primary\"><a href=\"https:\/\/ablal.de\/en\/products\/aluminum-foil-industry-technology\/\">Aluminum foils<\/a><\/h3>\n<\/div>\n<div class=\"box-skin-2\">\n<img loading=\"lazy\" decoding=\"async\" width=\"200\" height=\"300\" class=\"alignnone size-full wp-image-17\" src=\"https:\/\/ablal.de\/wp-content\/uploads\/2018\/11\/verbundfolie-klein.jpg\" alt=\"Laminated films\" srcset=\"https:\/\/ablal.de\/wp-content\/uploads\/2018\/11\/verbundfolie-klein.jpg 200w, https:\/\/ablal.de\/wp-content\/uploads\/2018\/11\/verbundfolie-klein-120x180.jpg 120w\" sizes=\"auto, (max-width: 200px) 100vw, 200px\" \/><\/p>\n<h3 class=\"text-primary\"><a href=\"https:\/\/ablal.de\/en\/products\/laminated-films-duplex-triplex-films\/\">Laminated films<\/a><\/h3>\n<\/div>\n<div class=\"box-skin-2\">\n<img loading=\"lazy\" decoding=\"async\" width=\"200\" height=\"299\" class=\"alignnone size-full wp-image-11\" src=\"https:\/\/ablal.de\/wp-content\/uploads\/2018\/11\/pet-met-klein.png\" alt=\"PET-MET\" srcset=\"https:\/\/ablal.de\/wp-content\/uploads\/2018\/11\/pet-met-klein.png 200w, https:\/\/ablal.de\/wp-content\/uploads\/2018\/11\/pet-met-klein-120x179.png 120w\" sizes=\"auto, (max-width: 200px) 100vw, 200px\" \/><\/p>\n<h3 class=\"text-primary\"><a href=\"https:\/\/ablal.de\/en\/products\/pe-pet-pemet-petmet-in-the-industry\/\">PE \/ PET Met<\/a><\/h3>\n<\/div>\n<div class=\"box-skin-2\">\n<img loading=\"lazy\" decoding=\"async\" width=\"200\" height=\"300\" class=\"alignnone size-full wp-image-14\" src=\"https:\/\/ablal.de\/wp-content\/uploads\/2018\/11\/blisterfolie-klein.jpg\" alt=\"Blister film\" srcset=\"https:\/\/ablal.de\/wp-content\/uploads\/2018\/11\/blisterfolie-klein.jpg 200w, https:\/\/ablal.de\/wp-content\/uploads\/2018\/11\/blisterfolie-klein-120x180.jpg 120w\" sizes=\"auto, (max-width: 200px) 100vw, 200px\" \/><\/p>\n<h3 class=\"text-primary\"><a href=\"https:\/\/ablal.de\/en\/products\/blister-foils-for-medicines\/\">Blister foils<\/a><\/h3>\n<\/div>\n<div class=\"box-skin-2\">\n<img loading=\"lazy\" decoding=\"async\" width=\"200\" height=\"300\" class=\"alignnone size-full wp-image-10\" src=\"https:\/\/ablal.de\/wp-content\/uploads\/2018\/11\/edelstahl-klein.jpg\" alt=\"Stainless steel\" srcset=\"https:\/\/ablal.de\/wp-content\/uploads\/2018\/11\/edelstahl-klein.jpg 200w, https:\/\/ablal.de\/wp-content\/uploads\/2018\/11\/edelstahl-klein-120x180.jpg 120w\" sizes=\"auto, (max-width: 200px) 100vw, 200px\" \/><\/p>\n<h3 class=\"text-primary\"><a href=\"https:\/\/ablal.de\/en\/products\/stainless-steel-stainless-steel-foils-industry-technology\/\">Stainless steel<\/a><\/h3>\n<\/div>\n<\/div>\n<\/div>\n<\/section>\n<p><!-- End Section --><\/p>\n<p><!-- Section --><\/p>\n<section class=\"bg-default-variant-2 relative\">\n<div class=\"container\">\n<div class=\"row\">\n<div class=\"col-lg-8 text-center text-lg-left\">\n<div class=\"col-md-12 inset-7\">\n<h2>Special sizes and fast delivery<\/h2>\n<p class=\"big font-family-1\">We supply you with the quantities you need for production and further processing<\/p>\n<p class=\"text-primary ubold\">These can be:<\/p>\n<ul class=\"marked-list\">\n<li><a href=\"#kontaktaufnahme\">Small quantities<\/a><\/li>\n<li><a href=\"#kontaktaufnahme\">Flexible delivery quantities for seasonal fluctuations<\/a><\/li>\n<li><a href=\"#kontaktaufnahme\">Express delivery<\/a><\/li>\n<li><a href=\"#kontaktaufnahme\">Custom-made products<\/a><\/li>\n<li><a href=\"#kontaktaufnahme\">Sampling<\/a><\/li>\n<\/ul>\n<\/div>\n<\/div>\n<div class=\"image-wrap image-wrap--image-3\"><img decoding=\"async\" class=\"alignnone size-full wp-image-15\" src=\"https:\/\/ablal.de\/wp-content\/uploads\/2019\/03\/sondermasse.jpg\" alt=\"We deliver quickly and special sizes\" \/><\/div>\n<\/div>\n<\/div>\n<\/section>\n<p><!-- End Section --><\/p>\n<p><!-- Section --><\/p>\n<section class=\"well text-center text-lg-left\">\n<div class=\"container\">\n<h2>ABL Alu - Your manufacturer and supplier<\/h2>\n<div class=\"row flow-offset-top\">\n<div class=\"col-md-12\">\n<p>Do you need aluminum, blisters or laminates that meet your requirements and are precisely tailored to your production process?<br \/>\nPerhaps you would like to order a small quantity or view samples first? ABL guarantees you products that meet the latest standards and safety requirements.<\/p>\n<p>We would be happy to advise you on the realization of a project or the development of a new product.<\/p>\n<p>Over the years, we have made a name for ourselves in the processing industry, in the construction sector, in research and technology and once again stand by our promise of quality.<\/p>\n<p>Customers particularly value our expertise in new product development and technical support.<br \/>\nWe are also happy to support new customers with all questions relating to the technical approval of a product and other issues in this area.<\/p>\n<p>In addition to the maxim of offering the highest possible level of safety, our products are subject to continuous internal quality control.<br \/>\nWe are happy to be your contact partner.<\/p>\n<\/div>\n<\/div>\n<\/div>\n<\/section>","protected":false},"excerpt":{"rendered":"We are happy to support your project with our know-how and innovative product solutions We advise you: Product development Technical support Project development Quality assurance Approval Production process We are a manufacturer and supplier of: Aluminum foils Composite foils PE \/ PET Met Blister foils Stainless steel Special sizes and fast delivery We supply you with the quantities you need for production and further processing... <a class=\"view-article\" href=\"https:\/\/ablal.de\/en\/\">Read more<\/a>","protected":false},"author":1,"featured_media":0,"parent":0,"menu_order":10,"comment_status":"closed","ping_status":"closed","template":"page-startseite.php","meta":{"footnotes":""},"class_list":["post-5","page","type-page","status-publish","hentry"],"yoast_head":"<!-- This site is optimized with the Yoast SEO plugin v26.9 - https:\/\/yoast.com\/product\/yoast-seo-wordpress\/ -->\n<title>Know-How und innovative Produktl\u00f6sungen f\u00fcr Alu-, Verbundfolien, Met<\/title>\n<meta name=\"description\" content=\"Gerne unterst\u00fctzen wir Ihr Projekt mit unserem Know-How und innovativen Produktl\u00f6sungen f\u00fcr Aluminiumfolien, Verbundfolien, PET-Met\" \/>\n<meta name=\"robots\" content=\"index, follow, max-snippet:-1, max-image-preview:large, max-video-preview:-1\" \/>\n<link rel=\"canonical\" href=\"https:\/\/ablal.de\/en\/\" \/>\n<meta property=\"og:locale\" content=\"en_US\" \/>\n<meta property=\"og:type\" content=\"article\" \/>\n<meta property=\"og:title\" content=\"Know-How und innovative Produktl\u00f6sungen f\u00fcr Alu-, Verbundfolien, Met\" \/>\n<meta property=\"og:description\" content=\"Gerne unterst\u00fctzen wir Ihr Projekt mit unserem Know-How und innovativen Produktl\u00f6sungen f\u00fcr Aluminiumfolien, Verbundfolien, PET-Met\" \/>\n<meta property=\"og:url\" content=\"https:\/\/ablal.de\/en\/\" \/>\n<meta property=\"og:site_name\" content=\"Aluminiumfolie, Blister, Laminate\" \/>\n<meta property=\"article:modified_time\" content=\"2019-03-22T10:54:18+00:00\" \/>\n<meta property=\"og:image\" content=\"https:\/\/ablal.de\/wp-content\/uploads\/2018\/11\/entwicklung.jpg\" \/>\n\t<meta property=\"og:image:width\" content=\"810\" \/>\n\t<meta property=\"og:image:height\" content=\"610\" \/>\n\t<meta property=\"og:image:type\" content=\"image\/jpeg\" \/>\n<meta name=\"twitter:card\" content=\"summary_large_image\" \/>\n<meta name=\"twitter:label1\" content=\"Est. reading time\" \/>\n\t<meta name=\"twitter:data1\" content=\"1 minute\" \/>\n<script type=\"application\/ld+json\" class=\"yoast-schema-graph\">{\"@context\":\"https:\/\/schema.org\",\"@graph\":[{\"@type\":\"WebPage\",\"@id\":\"https:\/\/ablal.de\/\",\"url\":\"https:\/\/ablal.de\/\",\"name\":\"Know-How und innovative Produktl\u00f6sungen f\u00fcr Alu-, Verbundfolien, Met\",\"isPartOf\":{\"@id\":\"https:\/\/ablal.de\/#website\"},\"primaryImageOfPage\":{\"@id\":\"https:\/\/ablal.de\/#primaryimage\"},\"image\":{\"@id\":\"https:\/\/ablal.de\/#primaryimage\"},\"thumbnailUrl\":\"https:\/\/ablal.de\/wp-content\/uploads\/2018\/11\/entwicklung.jpg\",\"datePublished\":\"2018-11-09T11:17:12+00:00\",\"dateModified\":\"2019-03-22T10:54:18+00:00\",\"description\":\"Gerne unterst\u00fctzen wir Ihr Projekt mit unserem Know-How und innovativen Produktl\u00f6sungen f\u00fcr Aluminiumfolien, Verbundfolien, PET-Met\",\"breadcrumb\":{\"@id\":\"https:\/\/ablal.de\/#breadcrumb\"},\"inLanguage\":\"en-US\",\"potentialAction\":[{\"@type\":\"ReadAction\",\"target\":[\"https:\/\/ablal.de\/\"]}]},{\"@type\":\"ImageObject\",\"inLanguage\":\"en-US\",\"@id\":\"https:\/\/ablal.de\/#primaryimage\",\"url\":\"https:\/\/ablal.de\/wp-content\/uploads\/2018\/11\/entwicklung.jpg\",\"contentUrl\":\"https:\/\/ablal.de\/wp-content\/uploads\/2018\/11\/entwicklung.jpg\"},{\"@type\":\"BreadcrumbList\",\"@id\":\"https:\/\/ablal.de\/#breadcrumb\",\"itemListElement\":[{\"@type\":\"ListItem\",\"position\":1,\"name\":\"Startseite\",\"item\":\"https:\/\/ablal.de\/\"},{\"@type\":\"ListItem\",\"position\":2,\"name\":\"Home\"}]},{\"@type\":\"WebSite\",\"@id\":\"https:\/\/ablal.de\/#website\",\"url\":\"https:\/\/ablal.de\/\",\"name\":\"Aluminiumfolie, Blister, Laminate\",\"description\":\"ABL Al\",\"potentialAction\":[{\"@type\":\"SearchAction\",\"target\":{\"@type\":\"EntryPoint\",\"urlTemplate\":\"https:\/\/ablal.de\/?s={search_term_string}\"},\"query-input\":{\"@type\":\"PropertyValueSpecification\",\"valueRequired\":true,\"valueName\":\"search_term_string\"}}],\"inLanguage\":\"en-US\"}]}<\/script>\n<!-- \/ Yoast SEO plugin. -->","yoast_head_json":{"title":"Know-how and innovative product solutions for aluminum, composite films, metal foils","description":"We are happy to support your project with our expertise and innovative product solutions for aluminum foils, composite foils, PET-Met","robots":{"index":"index","follow":"follow","max-snippet":"max-snippet:-1","max-image-preview":"max-image-preview:large","max-video-preview":"max-video-preview:-1"},"canonical":"https:\/\/ablal.de\/en\/","og_locale":"en_US","og_type":"article","og_title":"Know-How und innovative Produktl\u00f6sungen f\u00fcr Alu-, Verbundfolien, Met","og_description":"Gerne unterst\u00fctzen wir Ihr Projekt mit unserem Know-How und innovativen Produktl\u00f6sungen f\u00fcr Aluminiumfolien, Verbundfolien, PET-Met","og_url":"https:\/\/ablal.de\/en\/","og_site_name":"Aluminiumfolie, Blister, Laminate","article_modified_time":"2019-03-22T10:54:18+00:00","og_image":[{"width":810,"height":610,"url":"https:\/\/ablal.de\/wp-content\/uploads\/2018\/11\/entwicklung.jpg","type":"image\/jpeg"}],"twitter_card":"summary_large_image","twitter_misc":{"Est. reading time":"1 minute"},"schema":{"@context":"https:\/\/schema.org","@graph":[{"@type":"WebPage","@id":"https:\/\/ablal.de\/","url":"https:\/\/ablal.de\/","name":"Know-how and innovative product solutions for aluminum, composite films, metal foils","isPartOf":{"@id":"https:\/\/ablal.de\/#website"},"primaryImageOfPage":{"@id":"https:\/\/ablal.de\/#primaryimage"},"image":{"@id":"https:\/\/ablal.de\/#primaryimage"},"thumbnailUrl":"https:\/\/ablal.de\/wp-content\/uploads\/2018\/11\/entwicklung.jpg","datePublished":"2018-11-09T11:17:12+00:00","dateModified":"2019-03-22T10:54:18+00:00","description":"We are happy to support your project with our expertise and innovative product solutions for aluminum foils, composite foils, PET-Met","breadcrumb":{"@id":"https:\/\/ablal.de\/#breadcrumb"},"inLanguage":"en-US","potentialAction":[{"@type":"ReadAction","target":["https:\/\/ablal.de\/"]}]},{"@type":"ImageObject","inLanguage":"en-US","@id":"https:\/\/ablal.de\/#primaryimage","url":"https:\/\/ablal.de\/wp-content\/uploads\/2018\/11\/entwicklung.jpg","contentUrl":"https:\/\/ablal.de\/wp-content\/uploads\/2018\/11\/entwicklung.jpg"},{"@type":"BreadcrumbList","@id":"https:\/\/ablal.de\/#breadcrumb","itemListElement":[{"@type":"ListItem","position":1,"name":"Startseite","item":"https:\/\/ablal.de\/"},{"@type":"ListItem","position":2,"name":"Home"}]},{"@type":"WebSite","@id":"https:\/\/ablal.de\/#website","url":"https:\/\/ablal.de\/","name":"Aluminum foil, blisters, laminates","description":"ABL Al","potentialAction":[{"@type":"SearchAction","target":{"@type":"EntryPoint","urlTemplate":"https:\/\/ablal.de\/?s={search_term_string}"},"query-input":{"@type":"PropertyValueSpecification","valueRequired":true,"valueName":"search_term_string"}}],"inLanguage":"en-US"}]}},"_links":{"self":[{"href":"https:\/\/ablal.de\/en\/wp-json\/wp\/v2\/pages\/5","targetHints":{"allow":["GET"]}}],"collection":[{"href":"https:\/\/ablal.de\/en\/wp-json\/wp\/v2\/pages"}],"about":[{"href":"https:\/\/ablal.de\/en\/wp-json\/wp\/v2\/types\/page"}],"author":[{"embeddable":true,"href":"https:\/\/ablal.de\/en\/wp-json\/wp\/v2\/users\/1"}],"replies":[{"embeddable":true,"href":"https:\/\/ablal.de\/en\/wp-json\/wp\/v2\/comments?post=5"}],"version-history":[{"count":14,"href":"https:\/\/ablal.de\/en\/wp-json\/wp\/v2\/pages\/5\/revisions"}],"predecessor-version":[{"id":130,"href":"https:\/\/ablal.de\/en\/wp-json\/wp\/v2\/pages\/5\/revisions\/130"}],"wp:attachment":[{"href":"https:\/\/ablal.de\/en\/wp-json\/wp\/v2\/media?parent=5"}],"curies":[{"name":"wp","href":"https:\/\/api.w.org\/{rel}","templated":true}]}}