{"id":36,"date":"2018-12-05T09:44:50","date_gmt":"2018-12-05T08:44:50","guid":{"rendered":"https:\/\/ablal.de\/?page_id=36"},"modified":"2019-02-16T00:40:03","modified_gmt":"2019-02-15T23:40:03","slug":"films-composites-films-duplex-triplex","status":"publish","type":"page","link":"https:\/\/ablal.de\/fr\/produkte\/verbundfolien-duplex-triplexfolien\/","title":{"rendered":"Domaines d'application des films lamin\u00e9s, duplex et triplex dans l'industrie et la technique"},"content":{"rendered":"<div id=\"einleitung\">\n<div class=\"item\">\nNous fabriquons et livrons des films lamin\u00e9s, duplex et triplex pour l'industrie, le commerce, l'industrie de transformation, pour des applications techniques et pour la fabrication de solutions d'emballage sp\u00e9ciales pour votre secteur. L'industrie automobile est l'un de nos principaux secteurs d'activit\u00e9.<\/p>\n<p>Nos films sont disponibles dans toutes les dimensions normalis\u00e9es et dans une large palette de dimensions les plus diverses, sur demande \u00e9galement pour des quantit\u00e9s inf\u00e9rieures ou des fabrications sp\u00e9ciales. Les films sont fabriqu\u00e9s en fonction des souhaits du client et de l'utilisation pr\u00e9vue, avec une finition fonctionnelle et optique.<\/p>\n<p>M\u00eame si vos besoins en mat\u00e9riaux sont complexes ou sp\u00e9cifiques \u00e0 votre production, nous pouvons vous fournir ou vous aider \u00e0 d\u00e9velopper vos produits.<br \/>\nLes films composites d'ABLAL r\u00e9pondent parfaitement aux exigences industrielles et sont fabriqu\u00e9s selon les normes les plus r\u00e9centes.\n<\/p><\/div>\n<div class=\"item\">\n<img loading=\"lazy\" decoding=\"async\" width=\"1300\" height=\"304\" src=\"https:\/\/ablal.de\/wp-content\/uploads\/2019\/02\/verbundfolien-duplex-triplex.jpg\" alt=\"Films composites Films triplex duplex\" class=\"alignnone size-full wp-image-116\" srcset=\"https:\/\/ablal.de\/wp-content\/uploads\/2019\/02\/verbundfolien-duplex-triplex.jpg 1300w, https:\/\/ablal.de\/wp-content\/uploads\/2019\/02\/verbundfolien-duplex-triplex-250x58.jpg 250w, https:\/\/ablal.de\/wp-content\/uploads\/2019\/02\/verbundfolien-duplex-triplex-768x180.jpg 768w, https:\/\/ablal.de\/wp-content\/uploads\/2019\/02\/verbundfolien-duplex-triplex-700x164.jpg 700w, https:\/\/ablal.de\/wp-content\/uploads\/2019\/02\/verbundfolien-duplex-triplex-120x28.jpg 120w\" sizes=\"auto, (max-width: 1300px) 100vw, 1300px\" \/>\n<\/div>\n<\/div>\n<h2>Domaines d'application des films lamin\u00e9s, duplex et triplex dans l'industrie et la technique<\/h2>\n<p>Le film composite est un terme g\u00e9n\u00e9rique d\u00e9signant les films composites multicouches. Les mat\u00e9riaux du film sont g\u00e9n\u00e9ralement le PE, le PET, le PET met, le nylon, le papier, le film Al, le BOPP ou le CPP. Ils sont tr\u00e8s populaires en tant que solution d'emballage flexible. Les domaines d'application sont particuli\u00e8rement nombreux sur le march\u00e9 de masse des produits alimentaires. Il s'agit notamment du th\u00e9, du caf\u00e9, des \u00e9pices, des graines, des p\u00e2tisseries, des biscuits ou des huiles alimentaires. Ils sont souvent utilis\u00e9s comme suremballage dans les pharmacies et pour les produits de nettoyage. <\/p>\n<blockquote><p>Les films composites, duplex et triplex hautement fonctionnels d'ABLAL r\u00e9pondent parfaitement \u00e0 ces exigences.<\/p><\/blockquote>\n<h3>Les films et leurs propri\u00e9t\u00e9s<\/h3>\n<p>Nous livrons des films lamin\u00e9s, duplex et triplex dans des dimensions normalis\u00e9es et, sur demande, des quantit\u00e9s inf\u00e9rieures.<\/p>\n<h3>Applications typiques<\/h3>\n<p>Les applications populaires sont les zips, les sacs suspendus ou les sacs \u00e0 trous europ\u00e9ens, les sacs \u00e0 trous de transport, les zips frontaux, les sacs debout \u00e0 d\u00e9plier, les teenotches pliables, les sacs \u00e0 fermeture Quatro correspondant au Tetrapak, les sacs avec application de bec verseur ou m\u00eame avec bec sur un coin ou au milieu d'un c\u00f4t\u00e9, les sacs \u00e0 tubes, les sacs \u00e0 bec en haut ou en bas, les sacs moul\u00e9s ou les sacs \u00e0 soufflets lat\u00e9raux.<\/p>\n<p>Les exigences en mati\u00e8re de films composites sont particuli\u00e8rement \u00e9lev\u00e9es dans l'industrie automobile :<\/p>\n<ul>\n<li>R\u00e9sistance aux UV<\/li>\n<li>R\u00e9sistance chimique<\/li>\n<li>R\u00e9sistance \u00e0 l'abrasion<\/li>\n<li>R\u00e9sistance aux rayures<\/li>\n<li>Insensibilit\u00e9 aux fissures de tension<\/li>\n<li>Propri\u00e9t\u00e9s isotropes favorables lors de l'application de la peinture<\/li>\n<li>R\u00e9sistance m\u00e9canique aux agressions ext\u00e9rieures, telles que la gr\u00eale ou les chutes de pierres<\/li>\n<li>R\u00e9sistance m\u00e9canique<\/li>\n<li>Thermoformabilit\u00e9<\/li>\n<\/ul>\n<h3>Combinaisons de mat\u00e9riaux<\/h3>\n<p>Les combinaisons populaires sont le PET\/PE avec des possibilit\u00e9s d'utilisation quasi universelles. Les combinaisons de BOPP avec du PET, du CPP surtout pour la p\u00e2tisserie, les biscuits ou les bonbons. Le PET m\u00e9tallis\u00e9 ou le BOPP sont \u00e9galement tr\u00e8s appr\u00e9ci\u00e9s dans ces secteurs. Le composite PET\/PE est un classique pour les produits de nettoyage ou les huiles, ainsi que les huiles alimentaires. Certains renforcent le composite PET\/PE pour les huiles avec du nylon ou misent sur des composites multiples.<\/p>\n<h3>M\u00e9decine et pharmacie<\/h3>\n<p>Dans les pharmacies, le PET\/PE est tr\u00e8s appr\u00e9ci\u00e9. Au lieu du PET, le film AL peut \u00eatre combin\u00e9 avec du PE. De plus, il existe souvent des applications en pharmacie pour les combinaisons papier\/feuille d'aluminium\/PA\/CPP. Le papier est doux pour la peau et agr\u00e9able au toucher, le film d'aluminium laisse \u00e0 peine passer l'eau ou m\u00eame l'air, tandis que le PA\/CPP prot\u00e8ge les articles de pharmacie du film d'aluminium.<\/p>\n<p>Comme les graines ou les \u00e9pices doivent \u00eatre stock\u00e9es et transport\u00e9es aussi bien que les produits de pharmacie, mais que le film aluminium est co\u00fbteux, les films composites METPET avec PET\/PE sont utilis\u00e9s en remplacement. Le caf\u00e9 et le th\u00e9 ont \u00e9galement recours \u00e0 ce type de films composites.<\/p>\n<h3>Science et technologie<\/h3>\n<p>Les domaines d'application scientifiques des films composites sont la protection m\u00e9canique et la r\u00e9sistance \u00e0 la d\u00e9chirure. La r\u00e9sistance \u00e0 la perforation joue un r\u00f4le particulier dans le suremballage. Les films composites doivent \u00eatre \u00e9tanches aux UV et offrir une protection \u00e9lev\u00e9e contre la lumi\u00e8re. Ils constituent une barri\u00e8re contre l'humidit\u00e9 de l'environnement, de l'air ambiant et, lors du pr\u00e9l\u00e8vement, de l'humidit\u00e9 du pr\u00e9leveur ou des syst\u00e8mes de pr\u00e9l\u00e8vement. Ils doivent \u00eatre r\u00e9sistants \u00e0 la temp\u00e9rature. Certains films composites doivent \u00e9galement r\u00e9sister \u00e0 la cuisson, comme c'est le cas pour le riz. <\/p>\n<h2>Films composites<\/h2>\n<p>L'avantage particulier des films composites est qu'ils enveloppent directement la marchandise et peuvent en m\u00eame temps porter les informations sur la marchandise et l'id\u00e9e du produit, par exemple par des impressions du fournisseur. Des impressions monochromes aux photographies en couleurs, tout peut \u00eatre imprim\u00e9 de mani\u00e8re r\u00e9aliste sur les films composites. Les avantages ne s'arr\u00eatent pas l\u00e0 : le film composite, les encres et les impressions sont peu co\u00fbteux et peuvent \u00eatre produits aussi rapidement qu'ils sont ouverts. Les films composites r\u00e9sistent sans probl\u00e8me \u00e0 toutes les \u00e9tapes du processus et peuvent \u00eatre r\u00e9int\u00e9gr\u00e9s sans probl\u00e8me dans le cycle de recyclage.<\/p>\n<p>Les films composites m\u00e9tallis\u00e9s n\u00e9cessitent un vide et un d\u00e9p\u00f4t physique en phase vapeur pour leur fabrication, ce qui est assez co\u00fbteux.<\/p>\n<h3>Fabrication et transformation. Extrusion, contrecollage, laminage<\/h3>\n<p>L'industrie de l'emballage fabrique les complexes de films par extrusion, contrecollage ou laminage dans la quantit\u00e9 souhait\u00e9e et n\u00e9cessaire avec les caract\u00e9ristiques utiles. Les complexes de films rendent le syst\u00e8me de march\u00e9 moderne possible dans une large mesure et garantissent un niveau d'hygi\u00e8ne \u00e9lev\u00e9. En principe, leur go\u00fbt indique \u00e9galement clairement qu'ils ne sont pas adapt\u00e9s \u00e0 la consommation. Dans tous les domaines d'application, les films composites sont inoffensifs pour l'homme.<\/p>\n<p>Les faibles co\u00fbts de production, la recyclabilit\u00e9 multiple et la reconstruction compl\u00e8te apr\u00e8s chaque cycle de consommation rendent le co\u00fbt des films composites attractif et bas. Les contaminations caus\u00e9es par les contenus prot\u00e9g\u00e9s par des films composites sont rares et souvent dues uniquement \u00e0 des actes de violence.<\/p>\n<p>Il n'existe gu\u00e8re de meilleur mat\u00e9riau d'emballage que le film composite. La s\u00e9paration de l'environnement et des produits de consommation est excellente. Les domaines d'application cit\u00e9s pour les films composites sont tr\u00e8s vastes. Les films duplex et triplex permettent de r\u00e9pondre \u00e0 presque tous les souhaits des fabricants en mati\u00e8re d'emballage s\u00fbr dans toutes les positions d'utilisation de leurs marchandises. La s\u00e9parabilit\u00e9 des couches de film est tr\u00e8s importante lors du recyclage afin de r\u00e9duire les co\u00fbts. Les films composites ont de la valeur et conservent leur valeur apr\u00e8s utilisation.<\/p>\n<h3>Qualit\u00e9<\/h3>\n<p>Les films composites, duplex et triplex que nous fournissons r\u00e9pondent aux normes les plus r\u00e9centes en mati\u00e8re de mat\u00e9riaux. Les produits ABLAL sont soumis \u00e0 un contr\u00f4le de qualit\u00e9 continu qui vous garantit une s\u00e9curit\u00e9 maximale.<\/p>\n<h3>Conseil<\/h3>\n<p>ABLAL est \u00e0 vos c\u00f4t\u00e9s pour toutes les questions relatives \u00e0 nos produits. En plus de l'assistance technique, nous vous conseillons volontiers sur les questions de d\u00e9veloppement de produits ou d'optimisation des mat\u00e9riaux.<\/p>","protected":false},"excerpt":{"rendered":"Wir fertigen und liefern von Verbundfolien, Duplex- und Triplexfolien f\u00fcr Industrie, Handel, weiterverarbeitende Industrie, f\u00fcr technische Anwendung und zur Herstellung von speziellen Verpackungsl\u00f6sungen f\u00fcr Ihre Branche. Eine der Kernbranchen ist die Automobilindustrie. Sie erhalten unsere Folien in allen genormten Ma\u00dfen und in einer breiten Palette unterschiedlichster Abmessungen, auf Anfrage auch Mindermengen oder Sonderanfertigungen. Sie werden&#8230; <a class=\"view-article\" href=\"https:\/\/ablal.de\/fr\/produkte\/verbundfolien-duplex-triplexfolien\/\">Lire la suite<\/a>","protected":false},"author":1,"featured_media":0,"parent":33,"menu_order":0,"comment_status":"closed","ping_status":"closed","template":"","meta":{"footnotes":""},"class_list":["post-36","page","type-page","status-publish","hentry"],"yoast_head":"<!-- This site is optimized with the Yoast SEO plugin v26.9 - https:\/\/yoast.com\/product\/yoast-seo-wordpress\/ -->\n<title>Anwendungsgebiete von Verbundfolien, Duplex- und Triplexfolien in Industrie und Technik<\/title>\n<meta name=\"description\" content=\"Wir liefern mehrlagige Folienverbunde, Verbundfolien, Duplex- und Triplexfolien Die Folienmaterialien sind meist PE, PET, PET met, Papier, Alu-Folie.\" \/>\n<meta name=\"robots\" content=\"index, follow, max-snippet:-1, max-image-preview:large, max-video-preview:-1\" \/>\n<link rel=\"canonical\" href=\"https:\/\/ablal.de\/fr\/produits\/films-composites-films-duplex-triplex\/\" \/>\n<meta property=\"og:locale\" content=\"fr_FR\" \/>\n<meta property=\"og:type\" content=\"article\" \/>\n<meta property=\"og:title\" content=\"Anwendungsgebiete von Verbundfolien, Duplex- und Triplexfolien in Industrie und Technik\" \/>\n<meta property=\"og:description\" content=\"Wir liefern mehrlagige Folienverbunde, Verbundfolien, Duplex- und Triplexfolien Die Folienmaterialien sind meist PE, PET, PET met, Papier, Alu-Folie.\" \/>\n<meta property=\"og:url\" content=\"https:\/\/ablal.de\/fr\/produits\/films-composites-films-duplex-triplex\/\" \/>\n<meta property=\"og:site_name\" content=\"Aluminiumfolie, Blister, Laminate\" \/>\n<meta property=\"article:modified_time\" content=\"2019-02-15T23:40:03+00:00\" \/>\n<meta property=\"og:image\" content=\"https:\/\/ablal.de\/wp-content\/uploads\/2019\/02\/verbundfolien-duplex-triplex.jpg\" \/>\n<meta name=\"twitter:card\" content=\"summary_large_image\" \/>\n<meta name=\"twitter:label1\" content=\"Dur\u00e9e de lecture estim\u00e9e\" \/>\n\t<meta name=\"twitter:data1\" content=\"4 minutes\" \/>\n<script type=\"application\/ld+json\" class=\"yoast-schema-graph\">{\"@context\":\"https:\/\/schema.org\",\"@graph\":[{\"@type\":\"WebPage\",\"@id\":\"https:\/\/ablal.de\/produkte\/verbundfolien-duplex-triplexfolien\/\",\"url\":\"https:\/\/ablal.de\/produkte\/verbundfolien-duplex-triplexfolien\/\",\"name\":\"Anwendungsgebiete von Verbundfolien, Duplex- und Triplexfolien in Industrie und Technik\",\"isPartOf\":{\"@id\":\"https:\/\/ablal.de\/#website\"},\"primaryImageOfPage\":{\"@id\":\"https:\/\/ablal.de\/produkte\/verbundfolien-duplex-triplexfolien\/#primaryimage\"},\"image\":{\"@id\":\"https:\/\/ablal.de\/produkte\/verbundfolien-duplex-triplexfolien\/#primaryimage\"},\"thumbnailUrl\":\"https:\/\/ablal.de\/wp-content\/uploads\/2019\/02\/verbundfolien-duplex-triplex.jpg\",\"datePublished\":\"2018-12-05T08:44:50+00:00\",\"dateModified\":\"2019-02-15T23:40:03+00:00\",\"description\":\"Wir liefern mehrlagige Folienverbunde, Verbundfolien, Duplex- und Triplexfolien Die Folienmaterialien sind meist PE, PET, PET met, Papier, Alu-Folie.\",\"breadcrumb\":{\"@id\":\"https:\/\/ablal.de\/produkte\/verbundfolien-duplex-triplexfolien\/#breadcrumb\"},\"inLanguage\":\"fr-FR\",\"potentialAction\":[{\"@type\":\"ReadAction\",\"target\":[\"https:\/\/ablal.de\/produkte\/verbundfolien-duplex-triplexfolien\/\"]}]},{\"@type\":\"ImageObject\",\"inLanguage\":\"fr-FR\",\"@id\":\"https:\/\/ablal.de\/produkte\/verbundfolien-duplex-triplexfolien\/#primaryimage\",\"url\":\"https:\/\/ablal.de\/wp-content\/uploads\/2019\/02\/verbundfolien-duplex-triplex.jpg\",\"contentUrl\":\"https:\/\/ablal.de\/wp-content\/uploads\/2019\/02\/verbundfolien-duplex-triplex.jpg\"},{\"@type\":\"BreadcrumbList\",\"@id\":\"https:\/\/ablal.de\/produkte\/verbundfolien-duplex-triplexfolien\/#breadcrumb\",\"itemListElement\":[{\"@type\":\"ListItem\",\"position\":1,\"name\":\"Startseite\",\"item\":\"https:\/\/ablal.de\/\"},{\"@type\":\"ListItem\",\"position\":2,\"name\":\"Produkte\",\"item\":\"https:\/\/ablal.de\/produkte\/\"},{\"@type\":\"ListItem\",\"position\":3,\"name\":\"Anwendungsgebiete von Verbundfolien, Duplex- und Triplexfolien in Industrie und Technik\"}]},{\"@type\":\"WebSite\",\"@id\":\"https:\/\/ablal.de\/#website\",\"url\":\"https:\/\/ablal.de\/\",\"name\":\"Aluminiumfolie, Blister, Laminate\",\"description\":\"ABL Al\",\"potentialAction\":[{\"@type\":\"SearchAction\",\"target\":{\"@type\":\"EntryPoint\",\"urlTemplate\":\"https:\/\/ablal.de\/?s={search_term_string}\"},\"query-input\":{\"@type\":\"PropertyValueSpecification\",\"valueRequired\":true,\"valueName\":\"search_term_string\"}}],\"inLanguage\":\"fr-FR\"}]}<\/script>\n<!-- \/ Yoast SEO plugin. -->","yoast_head_json":{"title":"Domaines d'application des films lamin\u00e9s, duplex et triplex dans l'industrie et la technique","description":"Nous livrons des films multicouches, des films composites, des films duplex et triplex Les mat\u00e9riaux des films sont g\u00e9n\u00e9ralement le PE, le PET, le PET met, le papier, les feuilles d'aluminium.","robots":{"index":"index","follow":"follow","max-snippet":"max-snippet:-1","max-image-preview":"max-image-preview:large","max-video-preview":"max-video-preview:-1"},"canonical":"https:\/\/ablal.de\/fr\/produits\/films-composites-films-duplex-triplex\/","og_locale":"fr_FR","og_type":"article","og_title":"Anwendungsgebiete von Verbundfolien, Duplex- und Triplexfolien in Industrie und Technik","og_description":"Wir liefern mehrlagige Folienverbunde, Verbundfolien, Duplex- und Triplexfolien Die Folienmaterialien sind meist PE, PET, PET met, Papier, Alu-Folie.","og_url":"https:\/\/ablal.de\/fr\/produits\/films-composites-films-duplex-triplex\/","og_site_name":"Aluminiumfolie, Blister, Laminate","article_modified_time":"2019-02-15T23:40:03+00:00","og_image":[{"url":"https:\/\/ablal.de\/wp-content\/uploads\/2019\/02\/verbundfolien-duplex-triplex.jpg","type":"","width":"","height":""}],"twitter_card":"summary_large_image","twitter_misc":{"Dur\u00e9e de lecture estim\u00e9e":"4 minutes"},"schema":{"@context":"https:\/\/schema.org","@graph":[{"@type":"WebPage","@id":"https:\/\/ablal.de\/produkte\/verbundfolien-duplex-triplexfolien\/","url":"https:\/\/ablal.de\/produkte\/verbundfolien-duplex-triplexfolien\/","name":"Domaines d'application des films lamin\u00e9s, duplex et triplex dans l'industrie et la technique","isPartOf":{"@id":"https:\/\/ablal.de\/#website"},"primaryImageOfPage":{"@id":"https:\/\/ablal.de\/produkte\/verbundfolien-duplex-triplexfolien\/#primaryimage"},"image":{"@id":"https:\/\/ablal.de\/produkte\/verbundfolien-duplex-triplexfolien\/#primaryimage"},"thumbnailUrl":"https:\/\/ablal.de\/wp-content\/uploads\/2019\/02\/verbundfolien-duplex-triplex.jpg","datePublished":"2018-12-05T08:44:50+00:00","dateModified":"2019-02-15T23:40:03+00:00","description":"Nous livrons des films multicouches, des films composites, des films duplex et triplex Les mat\u00e9riaux des films sont g\u00e9n\u00e9ralement le PE, le PET, le PET met, le papier, les feuilles d'aluminium.","breadcrumb":{"@id":"https:\/\/ablal.de\/produkte\/verbundfolien-duplex-triplexfolien\/#breadcrumb"},"inLanguage":"fr-FR","potentialAction":[{"@type":"ReadAction","target":["https:\/\/ablal.de\/produkte\/verbundfolien-duplex-triplexfolien\/"]}]},{"@type":"ImageObject","inLanguage":"fr-FR","@id":"https:\/\/ablal.de\/produkte\/verbundfolien-duplex-triplexfolien\/#primaryimage","url":"https:\/\/ablal.de\/wp-content\/uploads\/2019\/02\/verbundfolien-duplex-triplex.jpg","contentUrl":"https:\/\/ablal.de\/wp-content\/uploads\/2019\/02\/verbundfolien-duplex-triplex.jpg"},{"@type":"BreadcrumbList","@id":"https:\/\/ablal.de\/produkte\/verbundfolien-duplex-triplexfolien\/#breadcrumb","itemListElement":[{"@type":"ListItem","position":1,"name":"Startseite","item":"https:\/\/ablal.de\/"},{"@type":"ListItem","position":2,"name":"Produkte","item":"https:\/\/ablal.de\/produkte\/"},{"@type":"ListItem","position":3,"name":"Anwendungsgebiete von Verbundfolien, Duplex- und Triplexfolien in Industrie und Technik"}]},{"@type":"WebSite","@id":"https:\/\/ablal.de\/#website","url":"https:\/\/ablal.de\/","name":"Feuille d'aluminium, blisters, lamin\u00e9s","description":"ABL Al","potentialAction":[{"@type":"SearchAction","target":{"@type":"EntryPoint","urlTemplate":"https:\/\/ablal.de\/?s={search_term_string}"},"query-input":{"@type":"PropertyValueSpecification","valueRequired":true,"valueName":"search_term_string"}}],"inLanguage":"fr-FR"}]}},"_links":{"self":[{"href":"https:\/\/ablal.de\/fr\/wp-json\/wp\/v2\/pages\/36","targetHints":{"allow":["GET"]}}],"collection":[{"href":"https:\/\/ablal.de\/fr\/wp-json\/wp\/v2\/pages"}],"about":[{"href":"https:\/\/ablal.de\/fr\/wp-json\/wp\/v2\/types\/page"}],"author":[{"embeddable":true,"href":"https:\/\/ablal.de\/fr\/wp-json\/wp\/v2\/users\/1"}],"replies":[{"embeddable":true,"href":"https:\/\/ablal.de\/fr\/wp-json\/wp\/v2\/comments?post=36"}],"version-history":[{"count":4,"href":"https:\/\/ablal.de\/fr\/wp-json\/wp\/v2\/pages\/36\/revisions"}],"predecessor-version":[{"id":117,"href":"https:\/\/ablal.de\/fr\/wp-json\/wp\/v2\/pages\/36\/revisions\/117"}],"up":[{"embeddable":true,"href":"https:\/\/ablal.de\/fr\/wp-json\/wp\/v2\/pages\/33"}],"wp:attachment":[{"href":"https:\/\/ablal.de\/fr\/wp-json\/wp\/v2\/media?parent=36"}],"curies":[{"name":"wp","href":"https:\/\/api.w.org\/{rel}","templated":true}]}}