{"id":38,"date":"2018-12-05T09:51:40","date_gmt":"2018-12-05T08:51:40","guid":{"rendered":"https:\/\/ablal.de\/?page_id=38"},"modified":"2019-02-16T00:40:30","modified_gmt":"2019-02-15T23:40:30","slug":"pe-pet-pemet-petmet-dans-lindustrie","status":"publish","type":"page","link":"https:\/\/ablal.de\/fr\/produkte\/pe-pet-pemet-petmet-in-der-industrie\/","title":{"rendered":"Domaines d'application du PE, PET, PE-MET et PET-MET dans l'industrie"},"content":{"rendered":"<div id=\"einleitung\">\n<div class=\"item\">\nNous fabriquons et livrons des films PE et PET et PE-MET et PET-MET pour l'industrie, le commerce, l'industrie de transformation, pour des applications techniques et pour la fabrication de solutions d'emballage sp\u00e9ciales pour votre secteur.<\/p>\n<p>Nos films hautement fonctionnels sont disponibles dans toutes les dimensions normalis\u00e9es et dans une large gamme de dimensions les plus diverses, sur demande \u00e9galement pour des quantit\u00e9s inf\u00e9rieures ou des fabrications sp\u00e9ciales. Ils peuvent \u00eatre am\u00e9lior\u00e9s sur le plan fonctionnel et optique en fonction des souhaits du client et de l'utilisation pr\u00e9vue.<\/p>\n<p>M\u00eame si vos besoins en mat\u00e9riaux sont complexes ou sp\u00e9cifiques \u00e0 votre production, nous pouvons vous fournir ou vous aider \u00e0 d\u00e9velopper vos produits.<br \/>\nLes films d'ABLAL r\u00e9pondent parfaitement aux exigences industrielles et sont fabriqu\u00e9s selon les normes les plus r\u00e9centes.\n<\/p><\/div>\n<div class=\"item\">\n<img loading=\"lazy\" decoding=\"async\" width=\"1300\" height=\"304\" src=\"https:\/\/ablal.de\/wp-content\/uploads\/2019\/02\/pe-pet-petmet.jpg\" alt=\"PE PET PETMET\" class=\"alignnone size-full wp-image-115\" srcset=\"https:\/\/ablal.de\/wp-content\/uploads\/2019\/02\/pe-pet-petmet.jpg 1300w, https:\/\/ablal.de\/wp-content\/uploads\/2019\/02\/pe-pet-petmet-250x58.jpg 250w, https:\/\/ablal.de\/wp-content\/uploads\/2019\/02\/pe-pet-petmet-768x180.jpg 768w, https:\/\/ablal.de\/wp-content\/uploads\/2019\/02\/pe-pet-petmet-700x164.jpg 700w, https:\/\/ablal.de\/wp-content\/uploads\/2019\/02\/pe-pet-petmet-120x28.jpg 120w\" sizes=\"auto, (max-width: 1300px) 100vw, 1300px\" \/>\n<\/div>\n<\/div>\n<h2>Domaines d'application et utilisation du PE, PET, PE-MET et PET-MET dans l'industrie<\/h2>\n<p>Les polym\u00e8res ou les mati\u00e8res plastiques trouvent de nombreuses applications dans l'industrie. En raison de leurs innombrables propri\u00e9t\u00e9s mat\u00e9rielles, telles que la r\u00e9sistance \u00e9lev\u00e9e aux chocs, la r\u00e9sistance aux produits chimiques ou la l\u00e9g\u00e8ret\u00e9, ils permettent la r\u00e9alisation d'applications techniquement exigeantes.<\/p>\n<h3>Les films et leurs propri\u00e9t\u00e9s<\/h3>\n<p>Nous livrons des films \u00e0 partir des mat\u00e9riaux de base PE et PET et PE-MET et PET-MET dans des dimensions normalis\u00e9es et, sur demande, en quantit\u00e9s inf\u00e9rieures.<\/p>\n<p><strong>Structure d'un film composite :<\/strong><br \/>\nLes couches sont dispos\u00e9es de mani\u00e8re fonctionnelle. Le film support assure la stabilit\u00e9. L'adh\u00e9sif de contrecollage et le promoteur d'adh\u00e9sion assurent une adh\u00e9rence composite. Les couches ont des propri\u00e9t\u00e9s de scellage et de barri\u00e8re.<\/p>\n<p>De l'ext\u00e9rieur vers l'int\u00e9rieur :<\/p>\n<ul>\n<li>1\u00e8re couche de PE<\/li>\n<li>2. agent adh\u00e9sif<\/li>\n<li>3. barri\u00e8re EVOH<\/li>\n<li>4. agent adh\u00e9sif<\/li>\n<li>5. film PE<\/li>\n<li>6. colle de contrecollage<\/li>\n<li>7. film de support en PET<\/li>\n<\/ul>\n<h3>PE-Poly\u00e9thyl\u00e8ne<\/h3>\n<p>Le poly\u00e9thyl\u00e8ne est le plastique le plus utilis\u00e9 dans l'industrie et le plus souvent fabriqu\u00e9 avec le chlorure de polyvinyle. Il s'agit d'un thermoplastique partiellement cristallin et non polaire.<\/p>\n<p>Le plastique est divis\u00e9 en quatre groupes principaux. Il s'agit du PE-HD (poly\u00e9thyl\u00e8ne haute densit\u00e9), du PE-MD (poly\u00e9thyl\u00e8ne moyenne densit\u00e9), du PE-LD (poly\u00e9thyl\u00e8ne basse densit\u00e9) et du poly\u00e9thyl\u00e8ne lin\u00e9aire. Compar\u00e9 \u00e0 d'autres mati\u00e8res plastiques, le poly\u00e9thyl\u00e8ne poss\u00e8de une duret\u00e9 et une r\u00e9sistance moindres ainsi qu'une rigidit\u00e9 r\u00e9duite. Il poss\u00e8de une r\u00e9sistance \u00e9lev\u00e9e aux chocs \u00e0 froid et \u00e0 l'\u00e9tirement ainsi qu'un faible poids volum\u00e9trique.<\/p>\n<p>Les principaux domaines d'application de ce plastique sont les emballages et les films (par exemple les sacs poubelles ou les films r\u00e9tractables), les pi\u00e8ces moul\u00e9es par injection, les tuyaux pour les canalisations et \u00e9galement les isolations de c\u00e2bles. Sous forme de poudre, le poly\u00e9thyl\u00e8ne est utilis\u00e9 pour le rev\u00eatement du papier ou des textiles. Il est \u00e9galement utilis\u00e9 pour les pi\u00e8ces moul\u00e9es dans les articles m\u00e9nagers, les conteneurs de stockage et de transport, les pi\u00e8ces de pompes ou d'autres \u00e9l\u00e9ments de construction m\u00e9canique.<\/p>\n<h3>PET - poly\u00e9thyl\u00e8ne t\u00e9r\u00e9phtalate<\/h3>\n<p>Le poly\u00e9thyl\u00e8ne t\u00e9r\u00e9phtalate, \u00e9galement appel\u00e9 polym\u00e8re d'\u00e9thyl\u00e8ne t\u00e9r\u00e9phtalate, est une mati\u00e8re thermoplastique du groupe des polyesters qui est fabriqu\u00e9e par polycondensation. Le plastique est tr\u00e8s r\u00e9sistant aux produits chimiques (par exemple \u00e0 l'acide nitrique, sulfurique et chlorhydrique) et est donc tr\u00e8s souvent utilis\u00e9 dans l'industrie. Avec une part d'environ 6 % de la quantit\u00e9 totale produite de tous les plastiques, il est donc l'un des thermoplastiques les plus importants et les plus significatifs.<\/p>\n<p>Il est utilis\u00e9 pour la fabrication de bouteilles en plastique moul\u00e9es par soufflage et de fibres textiles. Les bouteilles de boissons en PET sont toutefois les plus courantes. D'autres exemples d'application sont les bandes magn\u00e9tiques, les ferrures de meubles, les roues dent\u00e9es, les rubans adh\u00e9sifs ou les films d'isolation \u00e9lectrique.<\/p>\n<h3>PE-MET - poly\u00e9thyl\u00e8ne m\u00e9tallis\u00e9<\/h3>\n<p>Le PE-MET - poly\u00e9thyl\u00e8ne - est un mat\u00e9riau multicouche et flexible qui est tr\u00e8s r\u00e9sistant \u00e0 la vapeur d'eau, aux graisses et aux gaz. Il poss\u00e8de la propri\u00e9t\u00e9 de refl\u00e9ter les rayons UV et infrarouges. Le plastique poss\u00e8de un bon comportement d'isolation \u00e9lectrique et une bonne r\u00e9sistance au froid et \u00e0 la chaleur. Il poss\u00e8de une meilleure \u00e9tanch\u00e9it\u00e9 que le poly\u00e9thyl\u00e8ne t\u00e9r\u00e9phtalate ou le poly\u00e9thyl\u00e8ne.<\/p>\n<p>Il est principalement utilis\u00e9 pour emballer une grande vari\u00e9t\u00e9 de produits alimentaires. Il est \u00e9galement utilis\u00e9 pour l'isolation thermique.<\/p>\n<h3>PET-MET - poly\u00e9thyl\u00e8ne t\u00e9r\u00e9phtalate m\u00e9tallis\u00e9<\/h3>\n<p>On entend par PET-MET les mati\u00e8res plastiques qui sont vaporis\u00e9es d'une fine couche d'aluminium. Cela augmente la densit\u00e9 du mat\u00e9riau. Les films PET m\u00e9tallis\u00e9s apparaissent translucides \u00e0 la lumi\u00e8re.<\/p>\n<p>Les films PET m\u00e9tallis\u00e9s couvrent un \u00e9ventail d'applications de plus en plus large dans l'industrie. Le poly\u00e9thyl\u00e8ne t\u00e9r\u00e9phtalate m\u00e9tallis\u00e9 n'utilise qu'un pour cent de la quantit\u00e9 d'aluminium utilis\u00e9e pour les feuilles d'aluminium courantes. Elles sont donc \u00e9conomiques et respectueuses de l'environnement.<\/p>\n<h4>Qualit\u00e9<\/h4>\n<p>Les films que nous fournissons, \u00e0 base de PE et de PET et de PE-MET et PET-MET, sont conformes aux normes les plus r\u00e9centes en mati\u00e8re de mat\u00e9riaux. Les produits d'ABL sont soumis \u00e0 un contr\u00f4le de qualit\u00e9 continu qui vous garantit une s\u00e9curit\u00e9 maximale.<\/p>\n<h4>Conseil<\/h4>\n<p>ABL est \u00e0 vos c\u00f4t\u00e9s pour toutes les questions relatives \u00e0 nos produits. En plus de l'assistance technique, nous vous conseillons volontiers sur les questions de d\u00e9veloppement de produits ou d'optimisation des mat\u00e9riaux.<\/p>","protected":false},"excerpt":{"rendered":"Nous fabriquons et livrons des films PE et PET et PE-MET et PET-MET pour l'industrie, le commerce, l'industrie de transformation, pour des applications techniques et pour la fabrication de solutions d'emballage sp\u00e9ciales pour votre secteur. Vous recevez nos films hautement fonctionnels dans toutes les dimensions normalis\u00e9es et dans une large palette de dimensions les plus diverses, sur demande \u00e9galement des quantit\u00e9s r\u00e9duites ou des fabrications sp\u00e9ciales. Ils peuvent \u00eatre fabriqu\u00e9s selon les souhaits du client... <a class=\"view-article\" href=\"https:\/\/ablal.de\/fr\/produkte\/pe-pet-pemet-petmet-in-der-industrie\/\">Lire la suite<\/a>","protected":false},"author":1,"featured_media":0,"parent":33,"menu_order":0,"comment_status":"closed","ping_status":"closed","template":"","meta":{"footnotes":""},"class_list":["post-38","page","type-page","status-publish","hentry"],"yoast_head":"<!-- This site is optimized with the Yoast SEO plugin v26.9 - https:\/\/yoast.com\/product\/yoast-seo-wordpress\/ -->\n<title>Anwendungsgebiete von PE, PET, PE-MET und PET-MET in der Industrie<\/title>\n<meta name=\"description\" content=\"Wir produzieren und liefern PE, PET, PE-MET und PET-MET in hoher Qualit\u00e4t f\u00fcr die Umsetzung von technisch anspruchsvollen Anwendungen.\" \/>\n<meta name=\"robots\" content=\"index, follow, max-snippet:-1, max-image-preview:large, max-video-preview:-1\" \/>\n<link rel=\"canonical\" href=\"https:\/\/ablal.de\/fr\/produits\/pe-pet-pemet-petmet-dans-lindustrie\/\" \/>\n<meta property=\"og:locale\" content=\"fr_FR\" \/>\n<meta property=\"og:type\" content=\"article\" \/>\n<meta property=\"og:title\" content=\"Anwendungsgebiete von PE, PET, PE-MET und PET-MET in der Industrie\" \/>\n<meta property=\"og:description\" content=\"Wir produzieren und liefern PE, PET, PE-MET und PET-MET in hoher Qualit\u00e4t f\u00fcr die Umsetzung von technisch anspruchsvollen Anwendungen.\" \/>\n<meta property=\"og:url\" content=\"https:\/\/ablal.de\/fr\/produits\/pe-pet-pemet-petmet-dans-lindustrie\/\" \/>\n<meta property=\"og:site_name\" content=\"Aluminiumfolie, Blister, Laminate\" \/>\n<meta property=\"article:modified_time\" content=\"2019-02-15T23:40:30+00:00\" \/>\n<meta property=\"og:image\" content=\"https:\/\/ablal.de\/wp-content\/uploads\/2019\/02\/pe-pet-petmet.jpg\" \/>\n<meta name=\"twitter:card\" content=\"summary_large_image\" \/>\n<meta name=\"twitter:label1\" content=\"Dur\u00e9e de lecture estim\u00e9e\" \/>\n\t<meta name=\"twitter:data1\" content=\"3 minutes\" \/>\n<script type=\"application\/ld+json\" class=\"yoast-schema-graph\">{\"@context\":\"https:\/\/schema.org\",\"@graph\":[{\"@type\":\"WebPage\",\"@id\":\"https:\/\/ablal.de\/produkte\/pe-pet-pemet-petmet-in-der-industrie\/\",\"url\":\"https:\/\/ablal.de\/produkte\/pe-pet-pemet-petmet-in-der-industrie\/\",\"name\":\"Anwendungsgebiete von PE, PET, PE-MET und PET-MET in der Industrie\",\"isPartOf\":{\"@id\":\"https:\/\/ablal.de\/#website\"},\"primaryImageOfPage\":{\"@id\":\"https:\/\/ablal.de\/produkte\/pe-pet-pemet-petmet-in-der-industrie\/#primaryimage\"},\"image\":{\"@id\":\"https:\/\/ablal.de\/produkte\/pe-pet-pemet-petmet-in-der-industrie\/#primaryimage\"},\"thumbnailUrl\":\"https:\/\/ablal.de\/wp-content\/uploads\/2019\/02\/pe-pet-petmet.jpg\",\"datePublished\":\"2018-12-05T08:51:40+00:00\",\"dateModified\":\"2019-02-15T23:40:30+00:00\",\"description\":\"Wir produzieren und liefern PE, PET, PE-MET und PET-MET in hoher Qualit\u00e4t f\u00fcr die Umsetzung von technisch anspruchsvollen Anwendungen.\",\"breadcrumb\":{\"@id\":\"https:\/\/ablal.de\/produkte\/pe-pet-pemet-petmet-in-der-industrie\/#breadcrumb\"},\"inLanguage\":\"fr-FR\",\"potentialAction\":[{\"@type\":\"ReadAction\",\"target\":[\"https:\/\/ablal.de\/produkte\/pe-pet-pemet-petmet-in-der-industrie\/\"]}]},{\"@type\":\"ImageObject\",\"inLanguage\":\"fr-FR\",\"@id\":\"https:\/\/ablal.de\/produkte\/pe-pet-pemet-petmet-in-der-industrie\/#primaryimage\",\"url\":\"https:\/\/ablal.de\/wp-content\/uploads\/2019\/02\/pe-pet-petmet.jpg\",\"contentUrl\":\"https:\/\/ablal.de\/wp-content\/uploads\/2019\/02\/pe-pet-petmet.jpg\"},{\"@type\":\"BreadcrumbList\",\"@id\":\"https:\/\/ablal.de\/produkte\/pe-pet-pemet-petmet-in-der-industrie\/#breadcrumb\",\"itemListElement\":[{\"@type\":\"ListItem\",\"position\":1,\"name\":\"Startseite\",\"item\":\"https:\/\/ablal.de\/\"},{\"@type\":\"ListItem\",\"position\":2,\"name\":\"Produkte\",\"item\":\"https:\/\/ablal.de\/produkte\/\"},{\"@type\":\"ListItem\",\"position\":3,\"name\":\"Anwendungsgebiete von PE, PET, PE-MET und PET-MET in der Industrie\"}]},{\"@type\":\"WebSite\",\"@id\":\"https:\/\/ablal.de\/#website\",\"url\":\"https:\/\/ablal.de\/\",\"name\":\"Aluminiumfolie, Blister, Laminate\",\"description\":\"ABL Al\",\"potentialAction\":[{\"@type\":\"SearchAction\",\"target\":{\"@type\":\"EntryPoint\",\"urlTemplate\":\"https:\/\/ablal.de\/?s={search_term_string}\"},\"query-input\":{\"@type\":\"PropertyValueSpecification\",\"valueRequired\":true,\"valueName\":\"search_term_string\"}}],\"inLanguage\":\"fr-FR\"}]}<\/script>\n<!-- \/ Yoast SEO plugin. -->","yoast_head_json":{"title":"Domaines d'application du PE, PET, PE-MET et PET-MET dans l'industrie","description":"Nous produisons et livrons du PE, PET, PE-MET et PET-MET de haute qualit\u00e9 pour la mise en \u0153uvre d'applications techniquement exigeantes.","robots":{"index":"index","follow":"follow","max-snippet":"max-snippet:-1","max-image-preview":"max-image-preview:large","max-video-preview":"max-video-preview:-1"},"canonical":"https:\/\/ablal.de\/fr\/produits\/pe-pet-pemet-petmet-dans-lindustrie\/","og_locale":"fr_FR","og_type":"article","og_title":"Anwendungsgebiete von PE, PET, PE-MET und PET-MET in der Industrie","og_description":"Wir produzieren und liefern PE, PET, PE-MET und PET-MET in hoher Qualit\u00e4t f\u00fcr die Umsetzung von technisch anspruchsvollen Anwendungen.","og_url":"https:\/\/ablal.de\/fr\/produits\/pe-pet-pemet-petmet-dans-lindustrie\/","og_site_name":"Aluminiumfolie, Blister, Laminate","article_modified_time":"2019-02-15T23:40:30+00:00","og_image":[{"url":"https:\/\/ablal.de\/wp-content\/uploads\/2019\/02\/pe-pet-petmet.jpg","type":"","width":"","height":""}],"twitter_card":"summary_large_image","twitter_misc":{"Dur\u00e9e de lecture estim\u00e9e":"3 minutes"},"schema":{"@context":"https:\/\/schema.org","@graph":[{"@type":"WebPage","@id":"https:\/\/ablal.de\/produkte\/pe-pet-pemet-petmet-in-der-industrie\/","url":"https:\/\/ablal.de\/produkte\/pe-pet-pemet-petmet-in-der-industrie\/","name":"Domaines d'application du PE, PET, PE-MET et PET-MET dans l'industrie","isPartOf":{"@id":"https:\/\/ablal.de\/#website"},"primaryImageOfPage":{"@id":"https:\/\/ablal.de\/produkte\/pe-pet-pemet-petmet-in-der-industrie\/#primaryimage"},"image":{"@id":"https:\/\/ablal.de\/produkte\/pe-pet-pemet-petmet-in-der-industrie\/#primaryimage"},"thumbnailUrl":"https:\/\/ablal.de\/wp-content\/uploads\/2019\/02\/pe-pet-petmet.jpg","datePublished":"2018-12-05T08:51:40+00:00","dateModified":"2019-02-15T23:40:30+00:00","description":"Nous produisons et livrons du PE, PET, PE-MET et PET-MET de haute qualit\u00e9 pour la mise en \u0153uvre d'applications techniquement exigeantes.","breadcrumb":{"@id":"https:\/\/ablal.de\/produkte\/pe-pet-pemet-petmet-in-der-industrie\/#breadcrumb"},"inLanguage":"fr-FR","potentialAction":[{"@type":"ReadAction","target":["https:\/\/ablal.de\/produkte\/pe-pet-pemet-petmet-in-der-industrie\/"]}]},{"@type":"ImageObject","inLanguage":"fr-FR","@id":"https:\/\/ablal.de\/produkte\/pe-pet-pemet-petmet-in-der-industrie\/#primaryimage","url":"https:\/\/ablal.de\/wp-content\/uploads\/2019\/02\/pe-pet-petmet.jpg","contentUrl":"https:\/\/ablal.de\/wp-content\/uploads\/2019\/02\/pe-pet-petmet.jpg"},{"@type":"BreadcrumbList","@id":"https:\/\/ablal.de\/produkte\/pe-pet-pemet-petmet-in-der-industrie\/#breadcrumb","itemListElement":[{"@type":"ListItem","position":1,"name":"Startseite","item":"https:\/\/ablal.de\/"},{"@type":"ListItem","position":2,"name":"Produkte","item":"https:\/\/ablal.de\/produkte\/"},{"@type":"ListItem","position":3,"name":"Anwendungsgebiete von PE, PET, PE-MET und PET-MET in der Industrie"}]},{"@type":"WebSite","@id":"https:\/\/ablal.de\/#website","url":"https:\/\/ablal.de\/","name":"Feuille d'aluminium, blisters, lamin\u00e9s","description":"ABL Al","potentialAction":[{"@type":"SearchAction","target":{"@type":"EntryPoint","urlTemplate":"https:\/\/ablal.de\/?s={search_term_string}"},"query-input":{"@type":"PropertyValueSpecification","valueRequired":true,"valueName":"search_term_string"}}],"inLanguage":"fr-FR"}]}},"_links":{"self":[{"href":"https:\/\/ablal.de\/fr\/wp-json\/wp\/v2\/pages\/38","targetHints":{"allow":["GET"]}}],"collection":[{"href":"https:\/\/ablal.de\/fr\/wp-json\/wp\/v2\/pages"}],"about":[{"href":"https:\/\/ablal.de\/fr\/wp-json\/wp\/v2\/types\/page"}],"author":[{"embeddable":true,"href":"https:\/\/ablal.de\/fr\/wp-json\/wp\/v2\/users\/1"}],"replies":[{"embeddable":true,"href":"https:\/\/ablal.de\/fr\/wp-json\/wp\/v2\/comments?post=38"}],"version-history":[{"count":4,"href":"https:\/\/ablal.de\/fr\/wp-json\/wp\/v2\/pages\/38\/revisions"}],"predecessor-version":[{"id":118,"href":"https:\/\/ablal.de\/fr\/wp-json\/wp\/v2\/pages\/38\/revisions\/118"}],"up":[{"embeddable":true,"href":"https:\/\/ablal.de\/fr\/wp-json\/wp\/v2\/pages\/33"}],"wp:attachment":[{"href":"https:\/\/ablal.de\/fr\/wp-json\/wp\/v2\/media?parent=38"}],"curies":[{"name":"wp","href":"https:\/\/api.w.org\/{rel}","templated":true}]}}