{"id":40,"date":"2018-12-05T10:01:59","date_gmt":"2018-12-05T09:01:59","guid":{"rendered":"https:\/\/ablal.de\/?page_id=40"},"modified":"2019-02-16T00:41:40","modified_gmt":"2019-02-15T23:41:40","slug":"films-blisters-pour-medicaments","status":"publish","type":"page","link":"https:\/\/ablal.de\/fr\/produkte\/blisterfolien-bei-medikamenten\/","title":{"rendered":"Applications des films blisters pour les m\u00e9dicaments"},"content":{"rendered":"<div id=\"einleitung\">\n<div class=\"item\">\nNous fabriquons et fournissons des films blister pour l'industrie pharmaceutique et pour la production de solutions d'emballage sp\u00e9ciales pour les m\u00e9dicaments.<\/p>\n<p>Vous pouvez obtenir des films blister dans toutes les dimensions normalis\u00e9es et dans une large palette de dimensions les plus diverses, sur demande \u00e9galement des quantit\u00e9s inf\u00e9rieures ou des fabrications sp\u00e9ciales. Elles peuvent \u00eatre am\u00e9lior\u00e9es sur le plan fonctionnel et optique en fonction des souhaits du client et de l'utilisation pr\u00e9vue.<\/p>\n<p>M\u00eame si vos besoins en mat\u00e9riaux sont complexes ou sp\u00e9cifiques \u00e0 votre production, nous pouvons vous fournir ou vous aider \u00e0 d\u00e9velopper vos produits.<br \/>\nLes films blister d'ABLAL r\u00e9pondent parfaitement aux exigences et sont fabriqu\u00e9s selon les normes les plus r\u00e9centes.\n<\/p><\/div>\n<div class=\"item\">\n<img loading=\"lazy\" decoding=\"async\" width=\"1300\" height=\"304\" src=\"https:\/\/ablal.de\/wp-content\/uploads\/2019\/02\/blisterfolie-medikamente.jpg\" alt=\"Film blister pour les m\u00e9dicaments\" class=\"alignnone size-full wp-image-112\" srcset=\"https:\/\/ablal.de\/wp-content\/uploads\/2019\/02\/blisterfolie-medikamente.jpg 1300w, https:\/\/ablal.de\/wp-content\/uploads\/2019\/02\/blisterfolie-medikamente-250x58.jpg 250w, https:\/\/ablal.de\/wp-content\/uploads\/2019\/02\/blisterfolie-medikamente-768x180.jpg 768w, https:\/\/ablal.de\/wp-content\/uploads\/2019\/02\/blisterfolie-medikamente-700x164.jpg 700w, https:\/\/ablal.de\/wp-content\/uploads\/2019\/02\/blisterfolie-medikamente-120x28.jpg 120w\" sizes=\"auto, (max-width: 1300px) 100vw, 1300px\" \/>\n<\/div>\n<\/div>\n<h2>Applications des films blisters pour les m\u00e9dicaments. Emballages blisters, blisters \u00e0 pression<\/h2>\n<p>Les emballages sous blister remplacent compl\u00e8tement la forme obsol\u00e8te des bo\u00eetes de m\u00e9dicaments, en tant que mat\u00e9riau d'emballage des m\u00e9dicaments. Le mat\u00e9riau de base de chaque blister est un film d'aluminium dur. Celui-ci poss\u00e8de de nombreuses propri\u00e9t\u00e9s qu'aucun autre mat\u00e9riau ne poss\u00e8de. Il se pr\u00eate tr\u00e8s bien \u00e0 l'impression ou au rev\u00eatement et pr\u00e9sente la rigidit\u00e9 n\u00e9cessaire \u00e0 ce type d'emballage. <\/p>\n<h3>Les films blisters et leurs caract\u00e9ristiques<\/h3>\n<p>Nous fournissons des films blister dans des dimensions normalis\u00e9es et, sur demande, des quantit\u00e9s r\u00e9duites pour la fabrication d'emballages dans l'industrie m\u00e9dicale et pharmaceutique.<\/p>\n<h3>Blister \u00e0 pression<\/h3>\n<p>Dans l'industrie pharmaceutique, on utilise principalement des blisters \u00e0 pression. Pour conserver l'effet des substances contenues dans les m\u00e9dicaments, ceux-ci doivent \u00eatre prot\u00e9g\u00e9s des influences environnementales, de l'oxyg\u00e8ne de l'air et de l'humidit\u00e9. Ce type d'emballage garantit \u00e9galement un stockage ad\u00e9quat dans les r\u00e9gions au climat exceptionnel. De plus, cette forme d'emballage est bien moins ch\u00e8re et surtout moins encombrante que les bo\u00eetes, bouteilles ou autres r\u00e9cipients d'origine.<\/p>\n<p>Dans un blister, il y a un moule individuel pour chaque comprim\u00e9, qui est recouvert et scell\u00e9 proprement par une feuille d'aluminium, \u00e9galement appel\u00e9e film blister. Une fois que les comprim\u00e9s ont \u00e9t\u00e9 plac\u00e9s dans leur alv\u00e9ole, ils sont scell\u00e9s \u00e0 l'aide d'une feuille d'aluminium et d'un vernis thermosoudable dans le respect de r\u00e8gles d'hygi\u00e8ne strictes.<\/p>\n<h3>Emballage pharmaceutique<\/h3>\n<p>Ainsi, chaque comprim\u00e9 ou g\u00e9lule est emball\u00e9 s\u00e9par\u00e9ment. Bien qu'ils se trouvent dans le m\u00eame emballage. On peut donc les d\u00e9baller et les prendre ind\u00e9pendamment les uns des autres. On ne doit pas craindre que les autres comprim\u00e9s perdent leur effet. Comme dans le cas d'une bo\u00eete \u00e0 pilules, dont tout le contenu est expos\u00e9 aux influences environnementales apr\u00e8s l'ouverture.<\/p>\n<p>Il existe diff\u00e9rents types de films. Plus le film est souple, plus il faut exercer de force pour l'ouvrir. Un film dur, plus facile \u00e0 ouvrir, est particuli\u00e8rement adapt\u00e9 aux personnes dont les mains sont limit\u00e9es. Par exemple, en raison d'une maladie rhumatismale.<\/p>\n<p>Il est \u00e9galement possible d'utiliser une feuille souple qui est difficile \u00e0 percer et qui est donc consid\u00e9r\u00e9e comme s\u00fbre pour les enfants. Pour les rendre encore plus robustes, il est possible de combiner l'aluminium avec du papier et\/ou du PET.<\/p>\n<h3>Impression des films de couverture<\/h3>\n<p>Cela permet de prot\u00e9ger le m\u00e9dicament contre les manipulations. Entre-temps, il existe \u00e9galement la possibilit\u00e9 d'imprimer sur le blister des informations qui ne sont visibles que sous une lumi\u00e8re fluorescente. Cela permet en outre de pr\u00e9venir la contrefa\u00e7on de m\u00e9dicaments.<\/p>\n<p>Le nom et la date de p\u00e9remption sont imprim\u00e9s sur chaque blister. Ainsi, le consommateur peut toujours savoir de quoi il s'agit, m\u00eame sans notice ou emballage.<br \/>\nCes derni\u00e8res ann\u00e9es, le nombre de blisters imprim\u00e9s individuellement a fortement augment\u00e9. En particulier dans les maisons de soins, les m\u00e9dicaments sont personnalis\u00e9s. Ces impressions indiquent le nom du patient, l'heure de prise, de quel m\u00e9dicament il s'agit et le num\u00e9ro de lot. C'est un soulagement pour les personnes \u00e2g\u00e9es et cela favorise leur autonomie. Cela soulage \u00e9galement le personnel soignant d'une grande partie du travail et permet d'\u00e9viter les erreurs.<\/p>\n<p><strong>Impression de film de couverture de blister | Avantages :<\/strong><\/p>\n<ul>\n<li>R\u00e9duction des stocks<\/li>\n<li>R\u00e9duction des temps de changement gr\u00e2ce \u00e0 la flexographie<\/li>\n<li>R\u00e9duction des co\u00fbts pour les tapis d'impression<\/li>\n<li>R\u00e9duction des co\u00fbts de stockage des tapis d'impression<\/li>\n<\/ul>\n<h4>Qualit\u00e9<\/h4>\n<p>Les films blister que nous fournissons sont conformes aux normes les plus r\u00e9centes pour les produits m\u00e9dicaux et pharmaceutiques. Les produits d'ABLAL sont soumis \u00e0 un contr\u00f4le de qualit\u00e9 continu qui vous garantit une s\u00e9curit\u00e9 maximale des produits dans ce secteur hautement sp\u00e9cialis\u00e9.<\/p>\n<h4>Conseil<\/h4>\n<p>ABLAL est \u00e0 vos c\u00f4t\u00e9s pour toutes les questions relatives \u00e0 nos produits. En plus de l'assistance technique, nous vous conseillons volontiers sur les questions de d\u00e9veloppement de produits ou d'optimisation des mat\u00e9riaux.<\/p>","protected":false},"excerpt":{"rendered":"Nous fabriquons et livrons des films blister pour l'industrie pharmaceutique et pour la production de solutions d'emballage sp\u00e9ciales pour les m\u00e9dicaments. Vous pouvez obtenir des films blister dans toutes les dimensions normalis\u00e9es et dans une large palette de dimensions les plus diverses, sur demande \u00e9galement des quantit\u00e9s inf\u00e9rieures ou des fabrications sp\u00e9ciales. Elles peuvent \u00eatre am\u00e9lior\u00e9es sur le plan fonctionnel et optique en fonction des souhaits du client et de l'utilisation pr\u00e9vue. M\u00eame si vos exigences en mati\u00e8re de mat\u00e9riaux sont... <a class=\"view-article\" href=\"https:\/\/ablal.de\/fr\/produkte\/blisterfolien-bei-medikamenten\/\">Lire la suite<\/a>","protected":false},"author":1,"featured_media":0,"parent":33,"menu_order":0,"comment_status":"closed","ping_status":"closed","template":"","meta":{"footnotes":""},"class_list":["post-40","page","type-page","status-publish","hentry"],"yoast_head":"<!-- This site is optimized with the Yoast SEO plugin v26.9 - https:\/\/yoast.com\/product\/yoast-seo-wordpress\/ -->\n<title>Anwendungen von Blisterfolien bei Medikamenten<\/title>\n<meta name=\"description\" content=\"Wir produzieren und liefernt Blisterfolien, Blisterverpackungen, Durchdr\u00fcckblister f\u00fcr die Herstellung von Verpackungen in der Medizin- und Pharmaindustrie.\" \/>\n<meta name=\"robots\" content=\"index, follow, max-snippet:-1, max-image-preview:large, max-video-preview:-1\" \/>\n<link rel=\"canonical\" href=\"https:\/\/ablal.de\/fr\/produits\/films-blisters-pour-medicaments\/\" \/>\n<meta property=\"og:locale\" content=\"fr_FR\" \/>\n<meta property=\"og:type\" content=\"article\" \/>\n<meta property=\"og:title\" content=\"Anwendungen von Blisterfolien bei Medikamenten\" \/>\n<meta property=\"og:description\" content=\"Wir produzieren und liefernt Blisterfolien, Blisterverpackungen, Durchdr\u00fcckblister f\u00fcr die Herstellung von Verpackungen in der Medizin- und Pharmaindustrie.\" \/>\n<meta property=\"og:url\" content=\"https:\/\/ablal.de\/fr\/produits\/films-blisters-pour-medicaments\/\" \/>\n<meta property=\"og:site_name\" content=\"Aluminiumfolie, Blister, Laminate\" \/>\n<meta property=\"article:modified_time\" content=\"2019-02-15T23:41:40+00:00\" \/>\n<meta property=\"og:image\" content=\"https:\/\/ablal.de\/wp-content\/uploads\/2019\/02\/blisterfolie-medikamente.jpg\" \/>\n<meta name=\"twitter:card\" content=\"summary_large_image\" \/>\n<meta name=\"twitter:label1\" content=\"Dur\u00e9e de lecture estim\u00e9e\" \/>\n\t<meta name=\"twitter:data1\" content=\"3 minutes\" \/>\n<script type=\"application\/ld+json\" class=\"yoast-schema-graph\">{\"@context\":\"https:\/\/schema.org\",\"@graph\":[{\"@type\":\"WebPage\",\"@id\":\"https:\/\/ablal.de\/produkte\/blisterfolien-bei-medikamenten\/\",\"url\":\"https:\/\/ablal.de\/produkte\/blisterfolien-bei-medikamenten\/\",\"name\":\"Anwendungen von Blisterfolien bei Medikamenten\",\"isPartOf\":{\"@id\":\"https:\/\/ablal.de\/#website\"},\"primaryImageOfPage\":{\"@id\":\"https:\/\/ablal.de\/produkte\/blisterfolien-bei-medikamenten\/#primaryimage\"},\"image\":{\"@id\":\"https:\/\/ablal.de\/produkte\/blisterfolien-bei-medikamenten\/#primaryimage\"},\"thumbnailUrl\":\"https:\/\/ablal.de\/wp-content\/uploads\/2019\/02\/blisterfolie-medikamente.jpg\",\"datePublished\":\"2018-12-05T09:01:59+00:00\",\"dateModified\":\"2019-02-15T23:41:40+00:00\",\"description\":\"Wir produzieren und liefernt Blisterfolien, Blisterverpackungen, Durchdr\u00fcckblister f\u00fcr die Herstellung von Verpackungen in der Medizin- und Pharmaindustrie.\",\"breadcrumb\":{\"@id\":\"https:\/\/ablal.de\/produkte\/blisterfolien-bei-medikamenten\/#breadcrumb\"},\"inLanguage\":\"fr-FR\",\"potentialAction\":[{\"@type\":\"ReadAction\",\"target\":[\"https:\/\/ablal.de\/produkte\/blisterfolien-bei-medikamenten\/\"]}]},{\"@type\":\"ImageObject\",\"inLanguage\":\"fr-FR\",\"@id\":\"https:\/\/ablal.de\/produkte\/blisterfolien-bei-medikamenten\/#primaryimage\",\"url\":\"https:\/\/ablal.de\/wp-content\/uploads\/2019\/02\/blisterfolie-medikamente.jpg\",\"contentUrl\":\"https:\/\/ablal.de\/wp-content\/uploads\/2019\/02\/blisterfolie-medikamente.jpg\"},{\"@type\":\"BreadcrumbList\",\"@id\":\"https:\/\/ablal.de\/produkte\/blisterfolien-bei-medikamenten\/#breadcrumb\",\"itemListElement\":[{\"@type\":\"ListItem\",\"position\":1,\"name\":\"Startseite\",\"item\":\"https:\/\/ablal.de\/\"},{\"@type\":\"ListItem\",\"position\":2,\"name\":\"Produkte\",\"item\":\"https:\/\/ablal.de\/produkte\/\"},{\"@type\":\"ListItem\",\"position\":3,\"name\":\"Anwendungen von Blisterfolien bei Medikamenten\"}]},{\"@type\":\"WebSite\",\"@id\":\"https:\/\/ablal.de\/#website\",\"url\":\"https:\/\/ablal.de\/\",\"name\":\"Aluminiumfolie, Blister, Laminate\",\"description\":\"ABL Al\",\"potentialAction\":[{\"@type\":\"SearchAction\",\"target\":{\"@type\":\"EntryPoint\",\"urlTemplate\":\"https:\/\/ablal.de\/?s={search_term_string}\"},\"query-input\":{\"@type\":\"PropertyValueSpecification\",\"valueRequired\":true,\"valueName\":\"search_term_string\"}}],\"inLanguage\":\"fr-FR\"}]}<\/script>\n<!-- \/ Yoast SEO plugin. -->","yoast_head_json":{"title":"Applications des films blisters pour les m\u00e9dicaments","description":"Nous produisons et fournissons des films blisters, des emballages blisters, des blisters \u00e0 pression pour la fabrication d'emballages dans l'industrie m\u00e9dicale et pharmaceutique.","robots":{"index":"index","follow":"follow","max-snippet":"max-snippet:-1","max-image-preview":"max-image-preview:large","max-video-preview":"max-video-preview:-1"},"canonical":"https:\/\/ablal.de\/fr\/produits\/films-blisters-pour-medicaments\/","og_locale":"fr_FR","og_type":"article","og_title":"Anwendungen von Blisterfolien bei Medikamenten","og_description":"Wir produzieren und liefernt Blisterfolien, Blisterverpackungen, Durchdr\u00fcckblister f\u00fcr die Herstellung von Verpackungen in der Medizin- und Pharmaindustrie.","og_url":"https:\/\/ablal.de\/fr\/produits\/films-blisters-pour-medicaments\/","og_site_name":"Aluminiumfolie, Blister, Laminate","article_modified_time":"2019-02-15T23:41:40+00:00","og_image":[{"url":"https:\/\/ablal.de\/wp-content\/uploads\/2019\/02\/blisterfolie-medikamente.jpg","type":"","width":"","height":""}],"twitter_card":"summary_large_image","twitter_misc":{"Dur\u00e9e de lecture estim\u00e9e":"3 minutes"},"schema":{"@context":"https:\/\/schema.org","@graph":[{"@type":"WebPage","@id":"https:\/\/ablal.de\/produkte\/blisterfolien-bei-medikamenten\/","url":"https:\/\/ablal.de\/produkte\/blisterfolien-bei-medikamenten\/","name":"Applications des films blisters pour les m\u00e9dicaments","isPartOf":{"@id":"https:\/\/ablal.de\/#website"},"primaryImageOfPage":{"@id":"https:\/\/ablal.de\/produkte\/blisterfolien-bei-medikamenten\/#primaryimage"},"image":{"@id":"https:\/\/ablal.de\/produkte\/blisterfolien-bei-medikamenten\/#primaryimage"},"thumbnailUrl":"https:\/\/ablal.de\/wp-content\/uploads\/2019\/02\/blisterfolie-medikamente.jpg","datePublished":"2018-12-05T09:01:59+00:00","dateModified":"2019-02-15T23:41:40+00:00","description":"Nous produisons et fournissons des films blisters, des emballages blisters, des blisters \u00e0 pression pour la fabrication d'emballages dans l'industrie m\u00e9dicale et pharmaceutique.","breadcrumb":{"@id":"https:\/\/ablal.de\/produkte\/blisterfolien-bei-medikamenten\/#breadcrumb"},"inLanguage":"fr-FR","potentialAction":[{"@type":"ReadAction","target":["https:\/\/ablal.de\/produkte\/blisterfolien-bei-medikamenten\/"]}]},{"@type":"ImageObject","inLanguage":"fr-FR","@id":"https:\/\/ablal.de\/produkte\/blisterfolien-bei-medikamenten\/#primaryimage","url":"https:\/\/ablal.de\/wp-content\/uploads\/2019\/02\/blisterfolie-medikamente.jpg","contentUrl":"https:\/\/ablal.de\/wp-content\/uploads\/2019\/02\/blisterfolie-medikamente.jpg"},{"@type":"BreadcrumbList","@id":"https:\/\/ablal.de\/produkte\/blisterfolien-bei-medikamenten\/#breadcrumb","itemListElement":[{"@type":"ListItem","position":1,"name":"Startseite","item":"https:\/\/ablal.de\/"},{"@type":"ListItem","position":2,"name":"Produkte","item":"https:\/\/ablal.de\/produkte\/"},{"@type":"ListItem","position":3,"name":"Anwendungen von Blisterfolien bei Medikamenten"}]},{"@type":"WebSite","@id":"https:\/\/ablal.de\/#website","url":"https:\/\/ablal.de\/","name":"Feuille d'aluminium, blisters, lamin\u00e9s","description":"ABL Al","potentialAction":[{"@type":"SearchAction","target":{"@type":"EntryPoint","urlTemplate":"https:\/\/ablal.de\/?s={search_term_string}"},"query-input":{"@type":"PropertyValueSpecification","valueRequired":true,"valueName":"search_term_string"}}],"inLanguage":"fr-FR"}]}},"_links":{"self":[{"href":"https:\/\/ablal.de\/fr\/wp-json\/wp\/v2\/pages\/40","targetHints":{"allow":["GET"]}}],"collection":[{"href":"https:\/\/ablal.de\/fr\/wp-json\/wp\/v2\/pages"}],"about":[{"href":"https:\/\/ablal.de\/fr\/wp-json\/wp\/v2\/types\/page"}],"author":[{"embeddable":true,"href":"https:\/\/ablal.de\/fr\/wp-json\/wp\/v2\/users\/1"}],"replies":[{"embeddable":true,"href":"https:\/\/ablal.de\/fr\/wp-json\/wp\/v2\/comments?post=40"}],"version-history":[{"count":6,"href":"https:\/\/ablal.de\/fr\/wp-json\/wp\/v2\/pages\/40\/revisions"}],"predecessor-version":[{"id":122,"href":"https:\/\/ablal.de\/fr\/wp-json\/wp\/v2\/pages\/40\/revisions\/122"}],"up":[{"embeddable":true,"href":"https:\/\/ablal.de\/fr\/wp-json\/wp\/v2\/pages\/33"}],"wp:attachment":[{"href":"https:\/\/ablal.de\/fr\/wp-json\/wp\/v2\/media?parent=40"}],"curies":[{"name":"wp","href":"https:\/\/api.w.org\/{rel}","templated":true}]}}