{"id":42,"date":"2018-12-05T10:35:29","date_gmt":"2018-12-05T09:35:29","guid":{"rendered":"https:\/\/ablal.de\/?page_id=42"},"modified":"2019-02-16T00:40:47","modified_gmt":"2019-02-15T23:40:47","slug":"acier-inoxydable-feuilles-dacier-inoxydable-industrie-technique","status":"publish","type":"page","link":"https:\/\/ablal.de\/fr\/produkte\/edelstahl-edelstahlfolien-industrie-technik\/","title":{"rendered":"Domaines d'application de l'acier inoxydable et des feuilles d'acier inoxydable dans l'industrie et la technique"},"content":{"rendered":"<div id=\"einleitung\">\n<div class=\"item\">\nNous fabriquons et livrons des feuilles d'acier inoxydable et des produits en acier inoxydable pour l'industrie, le commerce, l'industrie de transformation et pour des applications techniques, ainsi que pour l'utilisation dans la construction automobile et l'industrie du b\u00e2timent.<\/p>\n<p>Vous pouvez obtenir des feuilles et des bandes en acier inoxydable dans des dimensions normalis\u00e9es et dans une large palette d'alliages et de dimensions les plus divers, sur demande \u00e9galement des quantit\u00e9s r\u00e9duites ou des fabrications sp\u00e9ciales. Leur fonction et leur surface peuvent \u00eatre affin\u00e9es en fonction des souhaits du client et de l'utilisation pr\u00e9vue.<\/p>\n<p>M\u00eame si vos besoins en mat\u00e9riaux sont complexes ou sp\u00e9cifiques \u00e0 votre production, nous pouvons vous fournir ou vous aider \u00e0 d\u00e9velopper vos produits.<br \/>\nLes produits en acier inoxydable d'ABLAL r\u00e9pondent parfaitement aux exigences industrielles et sont fabriqu\u00e9s selon les normes les plus r\u00e9centes.\n<\/p><\/div>\n<div class=\"item\">\n<img loading=\"lazy\" decoding=\"async\" width=\"1300\" height=\"304\" src=\"https:\/\/ablal.de\/wp-content\/uploads\/2019\/02\/edelstahl.jpg\" alt=\"Feuille en acier inoxydable\" class=\"alignnone size-full wp-image-114\" srcset=\"https:\/\/ablal.de\/wp-content\/uploads\/2019\/02\/edelstahl.jpg 1300w, https:\/\/ablal.de\/wp-content\/uploads\/2019\/02\/edelstahl-250x58.jpg 250w, https:\/\/ablal.de\/wp-content\/uploads\/2019\/02\/edelstahl-768x180.jpg 768w, https:\/\/ablal.de\/wp-content\/uploads\/2019\/02\/edelstahl-700x164.jpg 700w, https:\/\/ablal.de\/wp-content\/uploads\/2019\/02\/edelstahl-120x28.jpg 120w\" sizes=\"auto, (max-width: 1300px) 100vw, 1300px\" \/>\n<\/div>\n<\/div>\n<h2>Domaines d'application de l'acier inoxydable et des feuilles d'acier inoxydable dans l'industrie et la technique<\/h2>\n<p>Par acier inoxydable, on entend g\u00e9n\u00e9ralement l'acier qui poss\u00e8de un degr\u00e9 de puret\u00e9 particulier. En termes d'application, l'acier inoxydable est celui qui peut \u00eatre consid\u00e9r\u00e9 comme inoxydable. L'acier inoxydable pr\u00e9sente de nombreux avantages par rapport aux m\u00e9taux et aciers traditionnels. Il r\u00e9siste aux temp\u00e9ratures \u00e9lev\u00e9es, peut \u00eatre soud\u00e9, n\u00e9cessite peu d'entretien, a une longue dur\u00e9e de vie et est \u00e9conomique.<\/p>\n<h3>L'acier inoxydable et ses propri\u00e9t\u00e9s<\/h3>\n<p>Nous fournissons des feuilles d'acier inoxydable dans des dimensions normalis\u00e9es et dans les alliages suivants :<\/p>\n<p><strong>\u00c9paisseur du mat\u00e9riau<\/strong> \u00a0\u00a0\u00a0\u00a0\u00a0\u00a0\u00a0\u00a0\u00a0\u00a0\u00a0\u00a0\u00a0\u00a0\u00a0\u00a0\u00a0\u00a0\u00a0\u00a0\u00a0\u00a0\u00a0\u00a0\u00a0\u00a0\u00a0\u00a0\u00a0\u00a0\u00a0\u00a0\u00a0\u00a0\u00a0\u00a0\u00a0\u00a0\u00a0\u00a0\u00a0\u00a0\u00a0\u00a0<\/p>\n<ul>\n<li>0,05mm<\/li>\n<li>0,10mm<\/li>\n<li>0,15mm<\/li>\n<li>0,20mm<\/li>\n<li>0,25mm<\/li>\n<li>0,30mm <\/li>\n<\/ul>\n<p><strong>Alliage<\/strong><\/p>\n<ul>\n<li>4404, 1.4828<\/li>\n<li>4301, 1.4404, 1.4541, 1.4828<\/li>\n<li>4301, 1.4541, 1.4828<\/li>\n<li>4301, 1.4541, 1.4828<\/li>\n<li>4301<\/li>\n<li>4301 (610mm de largeur)<\/li>\n<\/ul>\n<p>1000mm est la largeur standard. Sur demande, nous pouvons vous proposer des d\u00e9coupes et des dimensions sp\u00e9ciales. Sur demande, nous vous livrons des quantit\u00e9s inf\u00e9rieures.<\/p>\n<p>Au contact de l'oxyg\u00e8ne de l'air, une fine couche d'oxyde de chrome se forme \u00e0 la surface. Cette couche peut \u00eatre form\u00e9e \u00e0 plusieurs reprises, m\u00eame en cas d'endommagement, et est \u00e9galement appel\u00e9e \"autogu\u00e9rison\" en science des mat\u00e9riaux. Cette propri\u00e9t\u00e9 peut notamment \u00eatre am\u00e9lior\u00e9e par des \u00e9l\u00e9ments d'alliage. Les propri\u00e9t\u00e9s m\u00e9caniques et chimiques s'en trouvent encore am\u00e9lior\u00e9es.<\/p>\n<p>Les feuilles en acier inoxydable sont celles qui sont compos\u00e9es d'acier inoxydable tr\u00e8s fin. Leur \u00e9paisseur est d'environ 50 \u00b5m.<\/p>\n<h3>L'acier inoxydable dans l'industrie et la technique<\/h3>\n<p>Le X2CrNi12, par exemple, est un acier inoxydable ferritique. La teneur en chrome est comprise entre 10,5 et 12,5 %. Il contient en outre du nickel. Cet acier inoxydable est plus r\u00e9sistant que les aciers de construction courants. Il poss\u00e8de une grande r\u00e9sistance \u00e0 la corrosion et \u00e0 l'abrasion ainsi que de tr\u00e8s bonnes valeurs de r\u00e9sistance dynamique. Cet acier est surtout utilis\u00e9 dans la construction de v\u00e9hicules ferroviaires, de v\u00e9hicules utilitaires et dans la construction d'appareils.<\/p>\n<p>X20Cr13 est un acier de traitement inoxydable et alli\u00e9 au chrome. Il poss\u00e8de une surface finement polie et donc une r\u00e9sistance moyenne. Cet acier est utilis\u00e9 dans la construction de turbines, de pompes, de robinetterie et d'appareils m\u00e9nagers.<\/p>\n<p>Un autre acier inoxydable est le X6Cr17. Il s'agit d'un acier ferritique. Sa teneur en chrome est de 17%. Il pr\u00e9sente une bonne r\u00e9sistance \u00e0 la corrosion, mais a tendance \u00e0 se fragiliser \u00e0 une temp\u00e9rature ambiante de 20\u00b0C. Cet acier inoxydable est utilis\u00e9 dans les domaines de la production de boissons, des appareils de cuisine, de la technique m\u00e9dicale et dans l'industrie du meuble.<\/p>\n<p>L'acier inoxydable X5CrNi18-10 est \u00e9galement appel\u00e9 V2A. Il s'agit d'un acier inoxydable aust\u00e9nitique r\u00e9sistant aux acides et \u00e0 faible teneur en carbone. Cet acier r\u00e9siste \u00e0 des temp\u00e9ratures allant jusqu'\u00e0 600\u00b0C. Il poss\u00e8de une bonne aptitude au polissage et une bonne mall\u00e9abilit\u00e9. Cet acier est utilis\u00e9 dans les installations sanitaires, les objets d'art et pour la fabrication d'instruments chirurgicaux\u0440.<\/p>\n<h2>Feuilles en acier inoxydable<\/h2>\n<p>Les feuilles d'acier inoxydable sont surtout utilis\u00e9es dans la construction pour la distribution de chaleur et l'isolation thermique, par exemple comme couche de s\u00e9paration entre une isolation et un chauffage. Les feuilles d'acier inoxydable sont \u00e9galement utilis\u00e9es pour les ressorts, le vitrage isolant ou les membranes phoniques. En fait \u00e9galement partie la feuille dite de nickel, qui est utilis\u00e9e dans la technique m\u00e9dicale pour les disques de rupture.<\/p>\n<h3>Qualit\u00e9<\/h3>\n<p>Les feuilles d'acier inoxydable que nous fournissons sont conformes aux normes les plus r\u00e9centes. Les produits d'ABLAL sont soumis \u00e0 un contr\u00f4le de qualit\u00e9 continu qui vous garantit une s\u00e9curit\u00e9 maximale.<\/p>\n<h3>Conseil<\/h3>\n<p>ABLAL est \u00e0 vos c\u00f4t\u00e9s pour toutes les questions relatives \u00e0 nos produits. En plus de l'assistance technique, nous vous conseillons volontiers sur les questions de d\u00e9veloppement de produits ou d'optimisation des mat\u00e9riaux.<\/p>","protected":false},"excerpt":{"rendered":"Nous fabriquons et livrons des feuilles et des produits en acier inoxydable pour l'industrie, le commerce, l'industrie de transformation et les applications techniques, ainsi que pour l'utilisation dans la construction automobile et le b\u00e2timent. Vous recevez des feuilles et des bandes en acier inoxydable dans des dimensions normalis\u00e9es et dans une large palette d'alliages et de dimensions les plus divers, sur demande \u00e9galement des quantit\u00e9s r\u00e9duites ou des fabrications sp\u00e9ciales. Elles peuvent \u00eatre utilis\u00e9es en fonction des souhaits du client et de l'application... <a class=\"view-article\" href=\"https:\/\/ablal.de\/fr\/produkte\/edelstahl-edelstahlfolien-industrie-technik\/\">Lire la suite<\/a>","protected":false},"author":1,"featured_media":0,"parent":33,"menu_order":0,"comment_status":"closed","ping_status":"closed","template":"","meta":{"footnotes":""},"class_list":["post-42","page","type-page","status-publish","hentry"],"yoast_head":"<!-- This site is optimized with the Yoast SEO plugin v26.9 - https:\/\/yoast.com\/product\/yoast-seo-wordpress\/ -->\n<title>Anwendungsgebiete von Edelstahl und Edelstahlfolien in Industrie und Technik<\/title>\n<meta name=\"description\" content=\"Wir liefern Edelstahlfolien aus hauchd\u00fcnnem Edelstahl in genormten Ma\u00dfen und Legierungen f\u00fcr die Anwendung in Industrie und Technik\" \/>\n<meta name=\"robots\" content=\"index, follow, max-snippet:-1, max-image-preview:large, max-video-preview:-1\" \/>\n<link rel=\"canonical\" href=\"https:\/\/ablal.de\/fr\/produits\/acier-inoxydable-feuilles-dacier-inoxydable-industrie-technique\/\" \/>\n<meta property=\"og:locale\" content=\"fr_FR\" \/>\n<meta property=\"og:type\" content=\"article\" \/>\n<meta property=\"og:title\" content=\"Anwendungsgebiete von Edelstahl und Edelstahlfolien in Industrie und Technik\" \/>\n<meta property=\"og:description\" content=\"Wir liefern Edelstahlfolien aus hauchd\u00fcnnem Edelstahl in genormten Ma\u00dfen und Legierungen f\u00fcr die Anwendung in Industrie und Technik\" \/>\n<meta property=\"og:url\" content=\"https:\/\/ablal.de\/fr\/produits\/acier-inoxydable-feuilles-dacier-inoxydable-industrie-technique\/\" \/>\n<meta property=\"og:site_name\" content=\"Aluminiumfolie, Blister, Laminate\" \/>\n<meta property=\"article:modified_time\" content=\"2019-02-15T23:40:47+00:00\" \/>\n<meta property=\"og:image\" content=\"https:\/\/ablal.de\/wp-content\/uploads\/2019\/02\/edelstahl.jpg\" \/>\n<meta name=\"twitter:card\" content=\"summary_large_image\" \/>\n<meta name=\"twitter:label1\" content=\"Dur\u00e9e de lecture estim\u00e9e\" \/>\n\t<meta name=\"twitter:data1\" content=\"3 minutes\" \/>\n<script type=\"application\/ld+json\" class=\"yoast-schema-graph\">{\"@context\":\"https:\/\/schema.org\",\"@graph\":[{\"@type\":\"WebPage\",\"@id\":\"https:\/\/ablal.de\/produkte\/edelstahl-edelstahlfolien-industrie-technik\/\",\"url\":\"https:\/\/ablal.de\/produkte\/edelstahl-edelstahlfolien-industrie-technik\/\",\"name\":\"Anwendungsgebiete von Edelstahl und Edelstahlfolien in Industrie und Technik\",\"isPartOf\":{\"@id\":\"https:\/\/ablal.de\/#website\"},\"primaryImageOfPage\":{\"@id\":\"https:\/\/ablal.de\/produkte\/edelstahl-edelstahlfolien-industrie-technik\/#primaryimage\"},\"image\":{\"@id\":\"https:\/\/ablal.de\/produkte\/edelstahl-edelstahlfolien-industrie-technik\/#primaryimage\"},\"thumbnailUrl\":\"https:\/\/ablal.de\/wp-content\/uploads\/2019\/02\/edelstahl.jpg\",\"datePublished\":\"2018-12-05T09:35:29+00:00\",\"dateModified\":\"2019-02-15T23:40:47+00:00\",\"description\":\"Wir liefern Edelstahlfolien aus hauchd\u00fcnnem Edelstahl in genormten Ma\u00dfen und Legierungen f\u00fcr die Anwendung in Industrie und Technik\",\"breadcrumb\":{\"@id\":\"https:\/\/ablal.de\/produkte\/edelstahl-edelstahlfolien-industrie-technik\/#breadcrumb\"},\"inLanguage\":\"fr-FR\",\"potentialAction\":[{\"@type\":\"ReadAction\",\"target\":[\"https:\/\/ablal.de\/produkte\/edelstahl-edelstahlfolien-industrie-technik\/\"]}]},{\"@type\":\"ImageObject\",\"inLanguage\":\"fr-FR\",\"@id\":\"https:\/\/ablal.de\/produkte\/edelstahl-edelstahlfolien-industrie-technik\/#primaryimage\",\"url\":\"https:\/\/ablal.de\/wp-content\/uploads\/2019\/02\/edelstahl.jpg\",\"contentUrl\":\"https:\/\/ablal.de\/wp-content\/uploads\/2019\/02\/edelstahl.jpg\"},{\"@type\":\"BreadcrumbList\",\"@id\":\"https:\/\/ablal.de\/produkte\/edelstahl-edelstahlfolien-industrie-technik\/#breadcrumb\",\"itemListElement\":[{\"@type\":\"ListItem\",\"position\":1,\"name\":\"Startseite\",\"item\":\"https:\/\/ablal.de\/\"},{\"@type\":\"ListItem\",\"position\":2,\"name\":\"Produkte\",\"item\":\"https:\/\/ablal.de\/produkte\/\"},{\"@type\":\"ListItem\",\"position\":3,\"name\":\"Anwendungsgebiete von Edelstahl und Edelstahlfolien in Industrie und Technik\"}]},{\"@type\":\"WebSite\",\"@id\":\"https:\/\/ablal.de\/#website\",\"url\":\"https:\/\/ablal.de\/\",\"name\":\"Aluminiumfolie, Blister, Laminate\",\"description\":\"ABL Al\",\"potentialAction\":[{\"@type\":\"SearchAction\",\"target\":{\"@type\":\"EntryPoint\",\"urlTemplate\":\"https:\/\/ablal.de\/?s={search_term_string}\"},\"query-input\":{\"@type\":\"PropertyValueSpecification\",\"valueRequired\":true,\"valueName\":\"search_term_string\"}}],\"inLanguage\":\"fr-FR\"}]}<\/script>\n<!-- \/ Yoast SEO plugin. -->","yoast_head_json":{"title":"Domaines d'application de l'acier inoxydable et des feuilles d'acier inoxydable dans l'industrie et la technique","description":"Nous fournissons des feuilles en acier inoxydable ultrafines dans des dimensions et des alliages normalis\u00e9s pour des applications industrielles et techniques.","robots":{"index":"index","follow":"follow","max-snippet":"max-snippet:-1","max-image-preview":"max-image-preview:large","max-video-preview":"max-video-preview:-1"},"canonical":"https:\/\/ablal.de\/fr\/produits\/acier-inoxydable-feuilles-dacier-inoxydable-industrie-technique\/","og_locale":"fr_FR","og_type":"article","og_title":"Anwendungsgebiete von Edelstahl und Edelstahlfolien in Industrie und Technik","og_description":"Wir liefern Edelstahlfolien aus hauchd\u00fcnnem Edelstahl in genormten Ma\u00dfen und Legierungen f\u00fcr die Anwendung in Industrie und Technik","og_url":"https:\/\/ablal.de\/fr\/produits\/acier-inoxydable-feuilles-dacier-inoxydable-industrie-technique\/","og_site_name":"Aluminiumfolie, Blister, Laminate","article_modified_time":"2019-02-15T23:40:47+00:00","og_image":[{"url":"https:\/\/ablal.de\/wp-content\/uploads\/2019\/02\/edelstahl.jpg","type":"","width":"","height":""}],"twitter_card":"summary_large_image","twitter_misc":{"Dur\u00e9e de lecture estim\u00e9e":"3 minutes"},"schema":{"@context":"https:\/\/schema.org","@graph":[{"@type":"WebPage","@id":"https:\/\/ablal.de\/produkte\/edelstahl-edelstahlfolien-industrie-technik\/","url":"https:\/\/ablal.de\/produkte\/edelstahl-edelstahlfolien-industrie-technik\/","name":"Domaines d'application de l'acier inoxydable et des feuilles d'acier inoxydable dans l'industrie et la technique","isPartOf":{"@id":"https:\/\/ablal.de\/#website"},"primaryImageOfPage":{"@id":"https:\/\/ablal.de\/produkte\/edelstahl-edelstahlfolien-industrie-technik\/#primaryimage"},"image":{"@id":"https:\/\/ablal.de\/produkte\/edelstahl-edelstahlfolien-industrie-technik\/#primaryimage"},"thumbnailUrl":"https:\/\/ablal.de\/wp-content\/uploads\/2019\/02\/edelstahl.jpg","datePublished":"2018-12-05T09:35:29+00:00","dateModified":"2019-02-15T23:40:47+00:00","description":"Nous fournissons des feuilles en acier inoxydable ultrafines dans des dimensions et des alliages normalis\u00e9s pour des applications industrielles et techniques.","breadcrumb":{"@id":"https:\/\/ablal.de\/produkte\/edelstahl-edelstahlfolien-industrie-technik\/#breadcrumb"},"inLanguage":"fr-FR","potentialAction":[{"@type":"ReadAction","target":["https:\/\/ablal.de\/produkte\/edelstahl-edelstahlfolien-industrie-technik\/"]}]},{"@type":"ImageObject","inLanguage":"fr-FR","@id":"https:\/\/ablal.de\/produkte\/edelstahl-edelstahlfolien-industrie-technik\/#primaryimage","url":"https:\/\/ablal.de\/wp-content\/uploads\/2019\/02\/edelstahl.jpg","contentUrl":"https:\/\/ablal.de\/wp-content\/uploads\/2019\/02\/edelstahl.jpg"},{"@type":"BreadcrumbList","@id":"https:\/\/ablal.de\/produkte\/edelstahl-edelstahlfolien-industrie-technik\/#breadcrumb","itemListElement":[{"@type":"ListItem","position":1,"name":"Startseite","item":"https:\/\/ablal.de\/"},{"@type":"ListItem","position":2,"name":"Produkte","item":"https:\/\/ablal.de\/produkte\/"},{"@type":"ListItem","position":3,"name":"Anwendungsgebiete von Edelstahl und Edelstahlfolien in Industrie und Technik"}]},{"@type":"WebSite","@id":"https:\/\/ablal.de\/#website","url":"https:\/\/ablal.de\/","name":"Feuille d'aluminium, blisters, lamin\u00e9s","description":"ABL Al","potentialAction":[{"@type":"SearchAction","target":{"@type":"EntryPoint","urlTemplate":"https:\/\/ablal.de\/?s={search_term_string}"},"query-input":{"@type":"PropertyValueSpecification","valueRequired":true,"valueName":"search_term_string"}}],"inLanguage":"fr-FR"}]}},"_links":{"self":[{"href":"https:\/\/ablal.de\/fr\/wp-json\/wp\/v2\/pages\/42","targetHints":{"allow":["GET"]}}],"collection":[{"href":"https:\/\/ablal.de\/fr\/wp-json\/wp\/v2\/pages"}],"about":[{"href":"https:\/\/ablal.de\/fr\/wp-json\/wp\/v2\/types\/page"}],"author":[{"embeddable":true,"href":"https:\/\/ablal.de\/fr\/wp-json\/wp\/v2\/users\/1"}],"replies":[{"embeddable":true,"href":"https:\/\/ablal.de\/fr\/wp-json\/wp\/v2\/comments?post=42"}],"version-history":[{"count":4,"href":"https:\/\/ablal.de\/fr\/wp-json\/wp\/v2\/pages\/42\/revisions"}],"predecessor-version":[{"id":119,"href":"https:\/\/ablal.de\/fr\/wp-json\/wp\/v2\/pages\/42\/revisions\/119"}],"up":[{"embeddable":true,"href":"https:\/\/ablal.de\/fr\/wp-json\/wp\/v2\/pages\/33"}],"wp:attachment":[{"href":"https:\/\/ablal.de\/fr\/wp-json\/wp\/v2\/media?parent=42"}],"curies":[{"name":"wp","href":"https:\/\/api.w.org\/{rel}","templated":true}]}}