{"id":5,"date":"2018-11-09T12:17:12","date_gmt":"2018-11-09T11:17:12","guid":{"rendered":"https:\/\/ablal.de\/?page_id=5"},"modified":"2019-03-22T11:54:18","modified_gmt":"2019-03-22T10:54:18","slug":"home","status":"publish","type":"page","link":"https:\/\/ablal.de\/fr\/","title":{"rendered":"Accueil"},"content":{"rendered":"<p><!-- Section --><\/p>\n<section class=\"bg-default-variant-2 relative\">\n<div class=\"container\">\n<div class=\"row\">\n<div class=\"col-lg-8 text-center text-lg-left\">\n<div class=\"col-md-12 inset-7\">\n<h2>Nous d\u00e9veloppons avec<\/h2>\n<p class=\"big font-family-1\">Nous nous ferons un plaisir de soutenir votre projet gr\u00e2ce \u00e0 notre savoir-faire et \u00e0 nos solutions innovantes.<\/p>\n<p class=\"text-primary ubold\">Nous vous conseillons :<\/p>\n<ul class=\"marked-list\">\n<li><a href=\"#kontaktaufnahme\">D\u00e9veloppement de produits<\/a><\/li>\n<li><a href=\"#kontaktaufnahme\">Support technique<\/a><\/li>\n<li><a href=\"#kontaktaufnahme\">D\u00e9veloppement de projets<\/a><\/li>\n<li><a href=\"#kontaktaufnahme\">Assurance qualit\u00e9<\/a><\/li>\n<li><a href=\"#kontaktaufnahme\">Autorisation<\/a><\/li>\n<li><a href=\"#kontaktaufnahme\">Processus de production<\/a><\/li>\n<\/ul>\n<\/div>\n<\/div>\n<div class=\"image-wrap image-wrap--image-3\"><img loading=\"lazy\" decoding=\"async\" width=\"810\" height=\"610\" class=\"alignnone size-full wp-image-8\" src=\"https:\/\/ablal.de\/wp-content\/uploads\/2018\/11\/entwicklung.jpg\" alt=\"Le d\u00e9veloppement. Nous d\u00e9veloppons avec\" srcset=\"https:\/\/ablal.de\/wp-content\/uploads\/2018\/11\/entwicklung.jpg 810w, https:\/\/ablal.de\/wp-content\/uploads\/2018\/11\/entwicklung-250x188.jpg 250w, https:\/\/ablal.de\/wp-content\/uploads\/2018\/11\/entwicklung-768x578.jpg 768w, https:\/\/ablal.de\/wp-content\/uploads\/2018\/11\/entwicklung-700x527.jpg 700w, https:\/\/ablal.de\/wp-content\/uploads\/2018\/11\/entwicklung-120x90.jpg 120w\" sizes=\"auto, (max-width: 810px) 100vw, 810px\" \/><\/div>\n<\/div>\n<\/div>\n<\/section>\n<p><!-- End Section --><\/p>\n<p><!-- Section --><\/p>\n<section class=\"well text-center text-md-left\">\n<div class=\"container\">\n<h2>Nous sommes fabricant et fournisseur de :<\/h2>\n<div class=\"box-skin-2-prefix offset\">\n<div class=\"box-skin-2\">\n<img loading=\"lazy\" decoding=\"async\" width=\"200\" height=\"300\" class=\"alignnone size-full wp-image-129\" src=\"https:\/\/ablal.de\/wp-content\/uploads\/2019\/03\/aluminiumfolie-klein.jpg\" alt=\"Feuille d&#039;aluminium\" srcset=\"https:\/\/ablal.de\/wp-content\/uploads\/2019\/03\/aluminiumfolie-klein.jpg 200w, https:\/\/ablal.de\/wp-content\/uploads\/2019\/03\/aluminiumfolie-klein-120x180.jpg 120w\" sizes=\"auto, (max-width: 200px) 100vw, 200px\" \/><\/p>\n<h3 class=\"text-primary\"><a href=\"https:\/\/ablal.de\/fr\/produits\/feuilles-daluminium-industrie-technique\/\">Feuilles d'aluminium<\/a><\/h3>\n<\/div>\n<div class=\"box-skin-2\">\n<img loading=\"lazy\" decoding=\"async\" width=\"200\" height=\"300\" class=\"alignnone size-full wp-image-17\" src=\"https:\/\/ablal.de\/wp-content\/uploads\/2018\/11\/verbundfolie-klein.jpg\" alt=\"Films composites\" srcset=\"https:\/\/ablal.de\/wp-content\/uploads\/2018\/11\/verbundfolie-klein.jpg 200w, https:\/\/ablal.de\/wp-content\/uploads\/2018\/11\/verbundfolie-klein-120x180.jpg 120w\" sizes=\"auto, (max-width: 200px) 100vw, 200px\" \/><\/p>\n<h3 class=\"text-primary\"><a href=\"https:\/\/ablal.de\/fr\/produits\/films-composites-films-duplex-triplex\/\">Films composites<\/a><\/h3>\n<\/div>\n<div class=\"box-skin-2\">\n<img loading=\"lazy\" decoding=\"async\" width=\"200\" height=\"299\" class=\"alignnone size-full wp-image-11\" src=\"https:\/\/ablal.de\/wp-content\/uploads\/2018\/11\/pet-met-klein.png\" alt=\"PET-MET\" srcset=\"https:\/\/ablal.de\/wp-content\/uploads\/2018\/11\/pet-met-klein.png 200w, https:\/\/ablal.de\/wp-content\/uploads\/2018\/11\/pet-met-klein-120x179.png 120w\" sizes=\"auto, (max-width: 200px) 100vw, 200px\" \/><\/p>\n<h3 class=\"text-primary\"><a href=\"https:\/\/ablal.de\/fr\/produits\/pe-pet-pemet-petmet-dans-lindustrie\/\">PE \/ PET Met<\/a><\/h3>\n<\/div>\n<div class=\"box-skin-2\">\n<img loading=\"lazy\" decoding=\"async\" width=\"200\" height=\"300\" class=\"alignnone size-full wp-image-14\" src=\"https:\/\/ablal.de\/wp-content\/uploads\/2018\/11\/blisterfolie-klein.jpg\" alt=\"Film blister\" srcset=\"https:\/\/ablal.de\/wp-content\/uploads\/2018\/11\/blisterfolie-klein.jpg 200w, https:\/\/ablal.de\/wp-content\/uploads\/2018\/11\/blisterfolie-klein-120x180.jpg 120w\" sizes=\"auto, (max-width: 200px) 100vw, 200px\" \/><\/p>\n<h3 class=\"text-primary\"><a href=\"https:\/\/ablal.de\/fr\/produits\/films-blisters-pour-medicaments\/\">Films pour blisters<\/a><\/h3>\n<\/div>\n<div class=\"box-skin-2\">\n<img loading=\"lazy\" decoding=\"async\" width=\"200\" height=\"300\" class=\"alignnone size-full wp-image-10\" src=\"https:\/\/ablal.de\/wp-content\/uploads\/2018\/11\/edelstahl-klein.jpg\" alt=\"Acier inoxydable\" srcset=\"https:\/\/ablal.de\/wp-content\/uploads\/2018\/11\/edelstahl-klein.jpg 200w, https:\/\/ablal.de\/wp-content\/uploads\/2018\/11\/edelstahl-klein-120x180.jpg 120w\" sizes=\"auto, (max-width: 200px) 100vw, 200px\" \/><\/p>\n<h3 class=\"text-primary\"><a href=\"https:\/\/ablal.de\/fr\/produits\/acier-inoxydable-feuilles-dacier-inoxydable-industrie-technique\/\">Acier inoxydable<\/a><\/h3>\n<\/div>\n<\/div>\n<\/div>\n<\/section>\n<p><!-- End Section --><\/p>\n<p><!-- Section --><\/p>\n<section class=\"bg-default-variant-2 relative\">\n<div class=\"container\">\n<div class=\"row\">\n<div class=\"col-lg-8 text-center text-lg-left\">\n<div class=\"col-md-12 inset-7\">\n<h2>Dimensions sp\u00e9ciales et livraison rapide<\/h2>\n<p class=\"big font-family-1\">Nous vous livrons les quantit\u00e9s dont vous avez besoin pour la production et le traitement ult\u00e9rieur.<\/p>\n<p class=\"text-primary ubold\">Cela peut \u00eatre<\/p>\n<ul class=\"marked-list\">\n<li><a href=\"#kontaktaufnahme\">Petites quantit\u00e9s<\/a><\/li>\n<li><a href=\"#kontaktaufnahme\">Des quantit\u00e9s de livraison flexibles en cas de fluctuations saisonni\u00e8res<\/a><\/li>\n<li><a href=\"#kontaktaufnahme\">Livraison express<\/a><\/li>\n<li><a href=\"#kontaktaufnahme\">Ex\u00e9cutions sp\u00e9ciales<\/a><\/li>\n<li><a href=\"#kontaktaufnahme\">\u00c9chantillonnage<\/a><\/li>\n<\/ul>\n<\/div>\n<\/div>\n<div class=\"image-wrap image-wrap--image-3\"><img decoding=\"async\" class=\"alignnone size-full wp-image-15\" src=\"https:\/\/ablal.de\/wp-content\/uploads\/2019\/03\/sondermasse.jpg\" alt=\"Nous livrons rapidement et des dimensions sp\u00e9ciales\" \/><\/div>\n<\/div>\n<\/div>\n<\/section>\n<p><!-- End Section --><\/p>\n<p><!-- Section --><\/p>\n<section class=\"well text-center text-lg-left\">\n<div class=\"container\">\n<h2>ABL Alu - votre fabricant et fournisseur<\/h2>\n<div class=\"row flow-offset-top\">\n<div class=\"col-md-12\">\n<p>Vous avez besoin d'aluminium, de blisters ou de lamin\u00e9s qui r\u00e9pondent \u00e0 vos exigences et qui sont parfaitement adapt\u00e9s \u00e0 votre processus de production ?<br \/>\nVous souhaitez peut-\u00eatre commander une petite quantit\u00e9 ou voir des \u00e9chantillons ? ABL vous garantit des produits conformes aux derni\u00e8res normes et consignes de s\u00e9curit\u00e9.<\/p>\n<p>Nous nous ferons un plaisir de vous conseiller lors de la r\u00e9alisation d'un projet ou du d\u00e9veloppement d'un nouveau produit.<\/p>\n<p>Au fil des ann\u00e9es, nous nous sommes fait un nom dans l'industrie de transformation, dans le secteur de la construction, dans la recherche et la technique et nous nous tenons ici une fois de plus avec notre promesse de qualit\u00e9.<\/p>\n<p>Les clients appr\u00e9cient particuli\u00e8rement notre savoir-faire en mati\u00e8re de d\u00e9veloppement de nouveaux produits et de support technique.<br \/>\nEn outre, nous aidons volontiers les nouveaux clients \u00e0 r\u00e9pondre \u00e0 toutes les questions relatives \u00e0 l'agr\u00e9ment technique d'un produit et \u00e0 d'autres questions dans ce domaine.<\/p>\n<p>Outre la maxime d'offrir une s\u00e9curit\u00e9 maximale, nos produits sont soumis \u00e0 un contr\u00f4le de qualit\u00e9 interne permanent.<br \/>\nNous sommes volontiers votre interlocuteur.<\/p>\n<\/div>\n<\/div>\n<\/div>\n<\/section>","protected":false},"excerpt":{"rendered":"Nous d\u00e9veloppons avec vous Nous sommes heureux de soutenir votre projet avec notre savoir-faire et des solutions de produits innovantes Nous vous conseillons : D\u00e9veloppement de produits Support technique D\u00e9veloppement de projets Assurance qualit\u00e9 Homologation Processus de production Nous sommes fabricant et fournisseur de : Feuilles d'aluminium Feuilles composites PE \/ PET Met Feuilles pour blisters Acier inoxydable Dimensions sp\u00e9ciales et livraison rapide Nous vous livrons les quantit\u00e9s dont vous avez besoin pour la production et le traitement ult\u00e9rieur... <a class=\"view-article\" href=\"https:\/\/ablal.de\/fr\/\">Lire la suite<\/a>","protected":false},"author":1,"featured_media":0,"parent":0,"menu_order":10,"comment_status":"closed","ping_status":"closed","template":"page-startseite.php","meta":{"footnotes":""},"class_list":["post-5","page","type-page","status-publish","hentry"],"yoast_head":"<!-- This site is optimized with the Yoast SEO plugin v26.9 - https:\/\/yoast.com\/product\/yoast-seo-wordpress\/ -->\n<title>Know-How und innovative Produktl\u00f6sungen f\u00fcr Alu-, Verbundfolien, Met<\/title>\n<meta name=\"description\" content=\"Gerne unterst\u00fctzen wir Ihr Projekt mit unserem Know-How und innovativen Produktl\u00f6sungen f\u00fcr Aluminiumfolien, Verbundfolien, PET-Met\" \/>\n<meta name=\"robots\" content=\"index, follow, max-snippet:-1, max-image-preview:large, max-video-preview:-1\" \/>\n<link rel=\"canonical\" href=\"https:\/\/ablal.de\/fr\/\" \/>\n<meta property=\"og:locale\" content=\"fr_FR\" \/>\n<meta property=\"og:type\" content=\"article\" \/>\n<meta property=\"og:title\" content=\"Know-How und innovative Produktl\u00f6sungen f\u00fcr Alu-, Verbundfolien, Met\" \/>\n<meta property=\"og:description\" content=\"Gerne unterst\u00fctzen wir Ihr Projekt mit unserem Know-How und innovativen Produktl\u00f6sungen f\u00fcr Aluminiumfolien, Verbundfolien, PET-Met\" \/>\n<meta property=\"og:url\" content=\"https:\/\/ablal.de\/fr\/\" \/>\n<meta property=\"og:site_name\" content=\"Aluminiumfolie, Blister, Laminate\" \/>\n<meta property=\"article:modified_time\" content=\"2019-03-22T10:54:18+00:00\" \/>\n<meta property=\"og:image\" content=\"https:\/\/ablal.de\/wp-content\/uploads\/2018\/11\/entwicklung.jpg\" \/>\n\t<meta property=\"og:image:width\" content=\"810\" \/>\n\t<meta property=\"og:image:height\" content=\"610\" \/>\n\t<meta property=\"og:image:type\" content=\"image\/jpeg\" \/>\n<meta name=\"twitter:card\" content=\"summary_large_image\" \/>\n<meta name=\"twitter:label1\" content=\"Dur\u00e9e de lecture estim\u00e9e\" \/>\n\t<meta name=\"twitter:data1\" content=\"1 minute\" \/>\n<script type=\"application\/ld+json\" class=\"yoast-schema-graph\">{\"@context\":\"https:\/\/schema.org\",\"@graph\":[{\"@type\":\"WebPage\",\"@id\":\"https:\/\/ablal.de\/\",\"url\":\"https:\/\/ablal.de\/\",\"name\":\"Know-How und innovative Produktl\u00f6sungen f\u00fcr Alu-, Verbundfolien, Met\",\"isPartOf\":{\"@id\":\"https:\/\/ablal.de\/#website\"},\"primaryImageOfPage\":{\"@id\":\"https:\/\/ablal.de\/#primaryimage\"},\"image\":{\"@id\":\"https:\/\/ablal.de\/#primaryimage\"},\"thumbnailUrl\":\"https:\/\/ablal.de\/wp-content\/uploads\/2018\/11\/entwicklung.jpg\",\"datePublished\":\"2018-11-09T11:17:12+00:00\",\"dateModified\":\"2019-03-22T10:54:18+00:00\",\"description\":\"Gerne unterst\u00fctzen wir Ihr Projekt mit unserem Know-How und innovativen Produktl\u00f6sungen f\u00fcr Aluminiumfolien, Verbundfolien, PET-Met\",\"breadcrumb\":{\"@id\":\"https:\/\/ablal.de\/#breadcrumb\"},\"inLanguage\":\"fr-FR\",\"potentialAction\":[{\"@type\":\"ReadAction\",\"target\":[\"https:\/\/ablal.de\/\"]}]},{\"@type\":\"ImageObject\",\"inLanguage\":\"fr-FR\",\"@id\":\"https:\/\/ablal.de\/#primaryimage\",\"url\":\"https:\/\/ablal.de\/wp-content\/uploads\/2018\/11\/entwicklung.jpg\",\"contentUrl\":\"https:\/\/ablal.de\/wp-content\/uploads\/2018\/11\/entwicklung.jpg\"},{\"@type\":\"BreadcrumbList\",\"@id\":\"https:\/\/ablal.de\/#breadcrumb\",\"itemListElement\":[{\"@type\":\"ListItem\",\"position\":1,\"name\":\"Startseite\",\"item\":\"https:\/\/ablal.de\/\"},{\"@type\":\"ListItem\",\"position\":2,\"name\":\"Home\"}]},{\"@type\":\"WebSite\",\"@id\":\"https:\/\/ablal.de\/#website\",\"url\":\"https:\/\/ablal.de\/\",\"name\":\"Aluminiumfolie, Blister, Laminate\",\"description\":\"ABL Al\",\"potentialAction\":[{\"@type\":\"SearchAction\",\"target\":{\"@type\":\"EntryPoint\",\"urlTemplate\":\"https:\/\/ablal.de\/?s={search_term_string}\"},\"query-input\":{\"@type\":\"PropertyValueSpecification\",\"valueRequired\":true,\"valueName\":\"search_term_string\"}}],\"inLanguage\":\"fr-FR\"}]}<\/script>\n<!-- \/ Yoast SEO plugin. -->","yoast_head_json":{"title":"Savoir-faire et solutions de produits innovants pour les films d'aluminium, les films lamin\u00e9s, les m\u00e9taux et les produits chimiques.","description":"Nous nous ferons un plaisir de soutenir votre projet gr\u00e2ce \u00e0 notre savoir-faire et \u00e0 nos solutions de produits innovantes pour les feuilles d'aluminium, les films lamin\u00e9s, le PET-Met","robots":{"index":"index","follow":"follow","max-snippet":"max-snippet:-1","max-image-preview":"max-image-preview:large","max-video-preview":"max-video-preview:-1"},"canonical":"https:\/\/ablal.de\/fr\/","og_locale":"fr_FR","og_type":"article","og_title":"Know-How und innovative Produktl\u00f6sungen f\u00fcr Alu-, Verbundfolien, Met","og_description":"Gerne unterst\u00fctzen wir Ihr Projekt mit unserem Know-How und innovativen Produktl\u00f6sungen f\u00fcr Aluminiumfolien, Verbundfolien, PET-Met","og_url":"https:\/\/ablal.de\/fr\/","og_site_name":"Aluminiumfolie, Blister, Laminate","article_modified_time":"2019-03-22T10:54:18+00:00","og_image":[{"width":810,"height":610,"url":"https:\/\/ablal.de\/wp-content\/uploads\/2018\/11\/entwicklung.jpg","type":"image\/jpeg"}],"twitter_card":"summary_large_image","twitter_misc":{"Dur\u00e9e de lecture estim\u00e9e":"1 minute"},"schema":{"@context":"https:\/\/schema.org","@graph":[{"@type":"WebPage","@id":"https:\/\/ablal.de\/","url":"https:\/\/ablal.de\/","name":"Savoir-faire et solutions de produits innovants pour les films d'aluminium, les films lamin\u00e9s, les m\u00e9taux et les produits chimiques.","isPartOf":{"@id":"https:\/\/ablal.de\/#website"},"primaryImageOfPage":{"@id":"https:\/\/ablal.de\/#primaryimage"},"image":{"@id":"https:\/\/ablal.de\/#primaryimage"},"thumbnailUrl":"https:\/\/ablal.de\/wp-content\/uploads\/2018\/11\/entwicklung.jpg","datePublished":"2018-11-09T11:17:12+00:00","dateModified":"2019-03-22T10:54:18+00:00","description":"Nous nous ferons un plaisir de soutenir votre projet gr\u00e2ce \u00e0 notre savoir-faire et \u00e0 nos solutions de produits innovantes pour les feuilles d'aluminium, les films lamin\u00e9s, le PET-Met","breadcrumb":{"@id":"https:\/\/ablal.de\/#breadcrumb"},"inLanguage":"fr-FR","potentialAction":[{"@type":"ReadAction","target":["https:\/\/ablal.de\/"]}]},{"@type":"ImageObject","inLanguage":"fr-FR","@id":"https:\/\/ablal.de\/#primaryimage","url":"https:\/\/ablal.de\/wp-content\/uploads\/2018\/11\/entwicklung.jpg","contentUrl":"https:\/\/ablal.de\/wp-content\/uploads\/2018\/11\/entwicklung.jpg"},{"@type":"BreadcrumbList","@id":"https:\/\/ablal.de\/#breadcrumb","itemListElement":[{"@type":"ListItem","position":1,"name":"Startseite","item":"https:\/\/ablal.de\/"},{"@type":"ListItem","position":2,"name":"Home"}]},{"@type":"WebSite","@id":"https:\/\/ablal.de\/#website","url":"https:\/\/ablal.de\/","name":"Feuille d'aluminium, blisters, lamin\u00e9s","description":"ABL Al","potentialAction":[{"@type":"SearchAction","target":{"@type":"EntryPoint","urlTemplate":"https:\/\/ablal.de\/?s={search_term_string}"},"query-input":{"@type":"PropertyValueSpecification","valueRequired":true,"valueName":"search_term_string"}}],"inLanguage":"fr-FR"}]}},"_links":{"self":[{"href":"https:\/\/ablal.de\/fr\/wp-json\/wp\/v2\/pages\/5","targetHints":{"allow":["GET"]}}],"collection":[{"href":"https:\/\/ablal.de\/fr\/wp-json\/wp\/v2\/pages"}],"about":[{"href":"https:\/\/ablal.de\/fr\/wp-json\/wp\/v2\/types\/page"}],"author":[{"embeddable":true,"href":"https:\/\/ablal.de\/fr\/wp-json\/wp\/v2\/users\/1"}],"replies":[{"embeddable":true,"href":"https:\/\/ablal.de\/fr\/wp-json\/wp\/v2\/comments?post=5"}],"version-history":[{"count":14,"href":"https:\/\/ablal.de\/fr\/wp-json\/wp\/v2\/pages\/5\/revisions"}],"predecessor-version":[{"id":130,"href":"https:\/\/ablal.de\/fr\/wp-json\/wp\/v2\/pages\/5\/revisions\/130"}],"wp:attachment":[{"href":"https:\/\/ablal.de\/fr\/wp-json\/wp\/v2\/media?parent=5"}],"curies":[{"name":"wp","href":"https:\/\/api.w.org\/{rel}","templated":true}]}}