{"id":61,"date":"2018-12-06T08:31:30","date_gmt":"2018-12-06T07:31:30","guid":{"rendered":"https:\/\/ablal.de\/?page_id=61"},"modified":"2018-12-07T12:17:16","modified_gmt":"2018-12-07T11:17:16","slug":"a-savoir","status":"publish","type":"page","link":"https:\/\/ablal.de\/fr\/wissenswertes\/","title":{"rendered":"Ce qu'il faut savoir"},"content":{"rendered":"<p>Dans notre blog, vous trouverez r\u00e9guli\u00e8rement des articles informatifs et des informations int\u00e9ressantes sur les th\u00e8mes de l'aluminium, des films composites et des papiers. Vous y trouverez un aper\u00e7u actuel des secteurs et domaines d'application pertinents, des nouvelles technologies dans l'industrie de transformation ou des solutions d'emballage. <\/p>","protected":false},"excerpt":{"rendered":"Dans notre blog, vous trouverez r\u00e9guli\u00e8rement des articles informatifs et des informations int\u00e9ressantes sur les th\u00e8mes de l'aluminium, des films composites et des papiers. Vous y trouverez un aper\u00e7u actuel des secteurs et domaines d'application pertinents, des nouvelles technologies dans l'industrie de transformation ou des solutions d'emballage.","protected":false},"author":1,"featured_media":0,"parent":0,"menu_order":0,"comment_status":"closed","ping_status":"closed","template":"page-wissenswertes.php","meta":{"footnotes":""},"class_list":["post-61","page","type-page","status-publish","hentry"],"yoast_head":"<!-- This site is optimized with the Yoast SEO plugin v26.9 - https:\/\/yoast.com\/product\/yoast-seo-wordpress\/ -->\n<title>Wissenswertes &#8211; Aluminiumfolie, Blister, Laminate<\/title>\n<meta name=\"description\" content=\"In diesem Bereich befinden sich unsere informativen Beitr\u00e4ge \u00fcber Aluminium-, Verbundfolien, technische Anwendungen, Einsatzgebiete, Datenbl\u00e4tter etc.\" \/>\n<meta name=\"robots\" content=\"index, follow, max-snippet:-1, max-image-preview:large, max-video-preview:-1\" \/>\n<link rel=\"canonical\" href=\"https:\/\/ablal.de\/fr\/a-savoir\/\" \/>\n<meta property=\"og:locale\" content=\"fr_FR\" \/>\n<meta property=\"og:type\" content=\"article\" \/>\n<meta property=\"og:title\" content=\"Wissenswertes &#8211; Aluminiumfolie, Blister, Laminate\" \/>\n<meta property=\"og:description\" content=\"In diesem Bereich befinden sich unsere informativen Beitr\u00e4ge \u00fcber Aluminium-, Verbundfolien, technische Anwendungen, Einsatzgebiete, Datenbl\u00e4tter etc.\" \/>\n<meta property=\"og:url\" content=\"https:\/\/ablal.de\/fr\/a-savoir\/\" \/>\n<meta property=\"og:site_name\" content=\"Aluminiumfolie, Blister, Laminate\" \/>\n<meta property=\"article:modified_time\" content=\"2018-12-07T11:17:16+00:00\" \/>\n<meta name=\"twitter:card\" content=\"summary_large_image\" \/>\n<script type=\"application\/ld+json\" class=\"yoast-schema-graph\">{\"@context\":\"https:\/\/schema.org\",\"@graph\":[{\"@type\":\"WebPage\",\"@id\":\"https:\/\/ablal.de\/wissenswertes\/\",\"url\":\"https:\/\/ablal.de\/wissenswertes\/\",\"name\":\"Wissenswertes &#8211; Aluminiumfolie, Blister, Laminate\",\"isPartOf\":{\"@id\":\"https:\/\/ablal.de\/#website\"},\"datePublished\":\"2018-12-06T07:31:30+00:00\",\"dateModified\":\"2018-12-07T11:17:16+00:00\",\"description\":\"In diesem Bereich befinden sich unsere informativen Beitr\u00e4ge \u00fcber Aluminium-, Verbundfolien, technische Anwendungen, Einsatzgebiete, Datenbl\u00e4tter etc.\",\"breadcrumb\":{\"@id\":\"https:\/\/ablal.de\/wissenswertes\/#breadcrumb\"},\"inLanguage\":\"fr-FR\",\"potentialAction\":[{\"@type\":\"ReadAction\",\"target\":[\"https:\/\/ablal.de\/wissenswertes\/\"]}]},{\"@type\":\"BreadcrumbList\",\"@id\":\"https:\/\/ablal.de\/wissenswertes\/#breadcrumb\",\"itemListElement\":[{\"@type\":\"ListItem\",\"position\":1,\"name\":\"Startseite\",\"item\":\"https:\/\/ablal.de\/\"},{\"@type\":\"ListItem\",\"position\":2,\"name\":\"Wissenswertes\"}]},{\"@type\":\"WebSite\",\"@id\":\"https:\/\/ablal.de\/#website\",\"url\":\"https:\/\/ablal.de\/\",\"name\":\"Aluminiumfolie, Blister, Laminate\",\"description\":\"ABL Al\",\"potentialAction\":[{\"@type\":\"SearchAction\",\"target\":{\"@type\":\"EntryPoint\",\"urlTemplate\":\"https:\/\/ablal.de\/?s={search_term_string}\"},\"query-input\":{\"@type\":\"PropertyValueSpecification\",\"valueRequired\":true,\"valueName\":\"search_term_string\"}}],\"inLanguage\":\"fr-FR\"}]}<\/script>\n<!-- \/ Yoast SEO plugin. -->","yoast_head_json":{"title":"Ce qu'il faut savoir - Feuille d'aluminium, blisters, lamin\u00e9s","description":"Dans cette section, vous trouverez nos articles informatifs sur les feuilles d'aluminium, les feuilles composites, les applications techniques, les domaines d'utilisation, les fiches techniques, etc.","robots":{"index":"index","follow":"follow","max-snippet":"max-snippet:-1","max-image-preview":"max-image-preview:large","max-video-preview":"max-video-preview:-1"},"canonical":"https:\/\/ablal.de\/fr\/a-savoir\/","og_locale":"fr_FR","og_type":"article","og_title":"Wissenswertes &#8211; Aluminiumfolie, Blister, Laminate","og_description":"In diesem Bereich befinden sich unsere informativen Beitr\u00e4ge \u00fcber Aluminium-, Verbundfolien, technische Anwendungen, Einsatzgebiete, Datenbl\u00e4tter etc.","og_url":"https:\/\/ablal.de\/fr\/a-savoir\/","og_site_name":"Aluminiumfolie, Blister, Laminate","article_modified_time":"2018-12-07T11:17:16+00:00","twitter_card":"summary_large_image","schema":{"@context":"https:\/\/schema.org","@graph":[{"@type":"WebPage","@id":"https:\/\/ablal.de\/wissenswertes\/","url":"https:\/\/ablal.de\/wissenswertes\/","name":"Ce qu'il faut savoir - Feuille d'aluminium, blisters, lamin\u00e9s","isPartOf":{"@id":"https:\/\/ablal.de\/#website"},"datePublished":"2018-12-06T07:31:30+00:00","dateModified":"2018-12-07T11:17:16+00:00","description":"Dans cette section, vous trouverez nos articles informatifs sur les feuilles d'aluminium, les feuilles composites, les applications techniques, les domaines d'utilisation, les fiches techniques, etc.","breadcrumb":{"@id":"https:\/\/ablal.de\/wissenswertes\/#breadcrumb"},"inLanguage":"fr-FR","potentialAction":[{"@type":"ReadAction","target":["https:\/\/ablal.de\/wissenswertes\/"]}]},{"@type":"BreadcrumbList","@id":"https:\/\/ablal.de\/wissenswertes\/#breadcrumb","itemListElement":[{"@type":"ListItem","position":1,"name":"Startseite","item":"https:\/\/ablal.de\/"},{"@type":"ListItem","position":2,"name":"Wissenswertes"}]},{"@type":"WebSite","@id":"https:\/\/ablal.de\/#website","url":"https:\/\/ablal.de\/","name":"Feuille d'aluminium, blisters, lamin\u00e9s","description":"ABL Al","potentialAction":[{"@type":"SearchAction","target":{"@type":"EntryPoint","urlTemplate":"https:\/\/ablal.de\/?s={search_term_string}"},"query-input":{"@type":"PropertyValueSpecification","valueRequired":true,"valueName":"search_term_string"}}],"inLanguage":"fr-FR"}]}},"_links":{"self":[{"href":"https:\/\/ablal.de\/fr\/wp-json\/wp\/v2\/pages\/61","targetHints":{"allow":["GET"]}}],"collection":[{"href":"https:\/\/ablal.de\/fr\/wp-json\/wp\/v2\/pages"}],"about":[{"href":"https:\/\/ablal.de\/fr\/wp-json\/wp\/v2\/types\/page"}],"author":[{"embeddable":true,"href":"https:\/\/ablal.de\/fr\/wp-json\/wp\/v2\/users\/1"}],"replies":[{"embeddable":true,"href":"https:\/\/ablal.de\/fr\/wp-json\/wp\/v2\/comments?post=61"}],"version-history":[{"count":2,"href":"https:\/\/ablal.de\/fr\/wp-json\/wp\/v2\/pages\/61\/revisions"}],"predecessor-version":[{"id":80,"href":"https:\/\/ablal.de\/fr\/wp-json\/wp\/v2\/pages\/61\/revisions\/80"}],"wp:attachment":[{"href":"https:\/\/ablal.de\/fr\/wp-json\/wp\/v2\/media?parent=61"}],"curies":[{"name":"wp","href":"https:\/\/api.w.org\/{rel}","templated":true}]}}