{"id":72,"date":"2018-12-07T09:41:47","date_gmt":"2018-12-07T08:41:47","guid":{"rendered":"https:\/\/ablal.de\/?page_id=72"},"modified":"2018-12-07T09:41:47","modified_gmt":"2018-12-07T08:41:47","slug":"a-propos-de-nous","status":"publish","type":"page","link":"https:\/\/ablal.de\/fr\/ueber-uns\/","title":{"rendered":"\u00c0 propos de nous"},"content":{"rendered":"<h2>ABLAL - Innovation dans les films et l'aluminium. <\/h2>\n<p>Nous sommes sp\u00e9cialis\u00e9s dans les films plastiques, les films composites et les papiers pour l'industrie de l'emballage, l'industrie de transformation, ainsi que les applications en tant que mat\u00e9riaux d'isolation et de calfeutrage.<br \/>\nEn tant qu'entreprise de haute technologie, nous pouvons nous appuyer sur des d\u00e9cennies d'exp\u00e9rience et d'expertise au sein de notre entreprise familiale.<\/p>\n<p>Depuis notre si\u00e8ge social \u00e0 Cologne, mais aussi depuis nos propres succursales et bureaux, nous fournissons des bandes, des films et des t\u00f4les \u00e0 d'autres entreprises au niveau national, mais aussi international. Nos clients du commerce et de l'industrie appr\u00e9cient le fait que nous puissions livrer des fabrications sp\u00e9ciales et des quantit\u00e9s r\u00e9duites, que nous puissions surmonter des difficult\u00e9s de livraison et que nous soyons \u00e9galement \u00e0 leurs c\u00f4t\u00e9s pour les conseiller dans le d\u00e9veloppement de nouveaux produits.<\/p>\n<p>Le secteur de l'aluminium joue un r\u00f4le de plus en plus important dans la technologie et l'innovation. Nous nous sommes sp\u00e9cialis\u00e9s dans le domaine des produits, papiers et films en aluminium hautement fonctionnels, que nous pouvons transformer en fonction des souhaits du client, tant sur le plan fonctionnel qu'optique.<\/p>\n<p>Dans le domaine du B2B, nous avons r\u00e9ussi \u00e0 nous positionner comme l'une des entreprises leaders en Europe, tous secteurs confondus. Nous comptons parmi nos clients des petites, moyennes et grandes entreprises europ\u00e9ennes.<br \/>\nNous vous proposons des conseils techniques gratuits pour votre production, en fonction de vos sp\u00e9cifications techniques et de vos produits. Nous nous ferons un plaisir de vous aider \u00e0 choisir les mat\u00e9riaux appropri\u00e9s.<br \/>\nDans nos locaux, nos conseillers techniques se feront un plaisir de vous aider.<\/p>\n<h3>ABLAL et ses conseillers sp\u00e9cialis\u00e9s vous soutiennent dans :<\/h3>\n<ul>\n<li>Choix des mat\u00e9riaux pour les films, les bandes et les t\u00f4les, \u00e9galement des fabrications sp\u00e9ciales selon vos indications, ainsi que toutes les questions relatives \u00e0 l'achat et \u00e0 la vente.<\/li>\n<li>Assistance et conseils techniques pour le d\u00e9veloppement de nouveaux produits ou l'optimisation des mat\u00e9riaux de votre production<\/li>\n<li>Transformation, fabrication et sous-traitance<\/li>\n<li>Petites et moyennes quantit\u00e9s<\/li>\n<li>Mise en relation avec de nouveaux contacts commerciaux<\/li>\n<\/ul>\n<p>Des d\u00e9cennies d'exp\u00e9rience font d'ABLAL votre partenaire commercial fiable et un moteur d'innovation dans le domaine de la haute technologie.<\/p>","protected":false},"excerpt":{"rendered":"ABLAL \u2013 Innovation in Folien und Aluminium. Wir haben uns auf Kunststofffolien, Verbundfolien und Papiere f\u00fcr Verpackungsindustrie, weiterverarbeitende Industrie, sowie auch Anwendungen als D\u00e4mm- und Isolationsstoffe, spezialisiert. Als Hochtechnologie-Unternehmen k\u00f6nnen wir dabei auf jahrzehntelange Erfahrung und Expertenwissen innerhalb unseres Familienunternehmens zur\u00fcckgreifen. Aus unserer Firmenzentrale in K\u00f6ln, aber auch firmeneigenen Niederlassung und B\u00fcros, versorgen wir national,&#8230; <a class=\"view-article\" href=\"https:\/\/ablal.de\/fr\/ueber-uns\/\">Lire la suite<\/a>","protected":false},"author":1,"featured_media":0,"parent":0,"menu_order":0,"comment_status":"closed","ping_status":"closed","template":"","meta":{"footnotes":""},"class_list":["post-72","page","type-page","status-publish","hentry"],"yoast_head":"<!-- This site is optimized with the Yoast SEO plugin v26.9 - https:\/\/yoast.com\/product\/yoast-seo-wordpress\/ -->\n<title>\u00dcber uns &#8211; Aluminiumfolie, Blister, Laminate<\/title>\n<meta name=\"description\" content=\"ABLAL spezialisiert sich auf Kunststofffolien, Alu- und Verbundfolien f\u00fcr Verpackungs- und weiterverarbeitende Industrie, aber auch Isolationsstoffe\" \/>\n<meta name=\"robots\" content=\"index, follow, max-snippet:-1, max-image-preview:large, max-video-preview:-1\" \/>\n<link rel=\"canonical\" href=\"https:\/\/ablal.de\/fr\/a-propos-de-nous\/\" \/>\n<meta property=\"og:locale\" content=\"fr_FR\" \/>\n<meta property=\"og:type\" content=\"article\" \/>\n<meta property=\"og:title\" content=\"\u00dcber uns &#8211; Aluminiumfolie, Blister, Laminate\" \/>\n<meta property=\"og:description\" content=\"ABLAL spezialisiert sich auf Kunststofffolien, Alu- und Verbundfolien f\u00fcr Verpackungs- und weiterverarbeitende Industrie, aber auch Isolationsstoffe\" \/>\n<meta property=\"og:url\" content=\"https:\/\/ablal.de\/fr\/a-propos-de-nous\/\" \/>\n<meta property=\"og:site_name\" content=\"Aluminiumfolie, Blister, Laminate\" \/>\n<meta name=\"twitter:card\" content=\"summary_large_image\" \/>\n<meta name=\"twitter:label1\" content=\"Dur\u00e9e de lecture estim\u00e9e\" \/>\n\t<meta name=\"twitter:data1\" content=\"1 minute\" \/>\n<script type=\"application\/ld+json\" class=\"yoast-schema-graph\">{\"@context\":\"https:\/\/schema.org\",\"@graph\":[{\"@type\":\"WebPage\",\"@id\":\"https:\/\/ablal.de\/ueber-uns\/\",\"url\":\"https:\/\/ablal.de\/ueber-uns\/\",\"name\":\"\u00dcber uns &#8211; Aluminiumfolie, Blister, Laminate\",\"isPartOf\":{\"@id\":\"https:\/\/ablal.de\/#website\"},\"datePublished\":\"2018-12-07T08:41:47+00:00\",\"description\":\"ABLAL spezialisiert sich auf Kunststofffolien, Alu- und Verbundfolien f\u00fcr Verpackungs- und weiterverarbeitende Industrie, aber auch Isolationsstoffe\",\"breadcrumb\":{\"@id\":\"https:\/\/ablal.de\/ueber-uns\/#breadcrumb\"},\"inLanguage\":\"fr-FR\",\"potentialAction\":[{\"@type\":\"ReadAction\",\"target\":[\"https:\/\/ablal.de\/ueber-uns\/\"]}]},{\"@type\":\"BreadcrumbList\",\"@id\":\"https:\/\/ablal.de\/ueber-uns\/#breadcrumb\",\"itemListElement\":[{\"@type\":\"ListItem\",\"position\":1,\"name\":\"Startseite\",\"item\":\"https:\/\/ablal.de\/\"},{\"@type\":\"ListItem\",\"position\":2,\"name\":\"\u00dcber uns\"}]},{\"@type\":\"WebSite\",\"@id\":\"https:\/\/ablal.de\/#website\",\"url\":\"https:\/\/ablal.de\/\",\"name\":\"Aluminiumfolie, Blister, Laminate\",\"description\":\"ABL Al\",\"potentialAction\":[{\"@type\":\"SearchAction\",\"target\":{\"@type\":\"EntryPoint\",\"urlTemplate\":\"https:\/\/ablal.de\/?s={search_term_string}\"},\"query-input\":{\"@type\":\"PropertyValueSpecification\",\"valueRequired\":true,\"valueName\":\"search_term_string\"}}],\"inLanguage\":\"fr-FR\"}]}<\/script>\n<!-- \/ Yoast SEO plugin. -->","yoast_head_json":{"title":"\u00c0 propos de nous - Feuille d'aluminium, blisters, lamin\u00e9s","description":"ABLAL est sp\u00e9cialis\u00e9 dans les films plastiques, les films d'aluminium et les films composites pour l'industrie de l'emballage et de la transformation, mais aussi dans les mat\u00e9riaux d'isolation.","robots":{"index":"index","follow":"follow","max-snippet":"max-snippet:-1","max-image-preview":"max-image-preview:large","max-video-preview":"max-video-preview:-1"},"canonical":"https:\/\/ablal.de\/fr\/a-propos-de-nous\/","og_locale":"fr_FR","og_type":"article","og_title":"\u00dcber uns &#8211; Aluminiumfolie, Blister, Laminate","og_description":"ABLAL spezialisiert sich auf Kunststofffolien, Alu- und Verbundfolien f\u00fcr Verpackungs- und weiterverarbeitende Industrie, aber auch Isolationsstoffe","og_url":"https:\/\/ablal.de\/fr\/a-propos-de-nous\/","og_site_name":"Aluminiumfolie, Blister, Laminate","twitter_card":"summary_large_image","twitter_misc":{"Dur\u00e9e de lecture estim\u00e9e":"1 minute"},"schema":{"@context":"https:\/\/schema.org","@graph":[{"@type":"WebPage","@id":"https:\/\/ablal.de\/ueber-uns\/","url":"https:\/\/ablal.de\/ueber-uns\/","name":"\u00c0 propos de nous - Feuille d'aluminium, blisters, lamin\u00e9s","isPartOf":{"@id":"https:\/\/ablal.de\/#website"},"datePublished":"2018-12-07T08:41:47+00:00","description":"ABLAL est sp\u00e9cialis\u00e9 dans les films plastiques, les films d'aluminium et les films composites pour l'industrie de l'emballage et de la transformation, mais aussi dans les mat\u00e9riaux d'isolation.","breadcrumb":{"@id":"https:\/\/ablal.de\/ueber-uns\/#breadcrumb"},"inLanguage":"fr-FR","potentialAction":[{"@type":"ReadAction","target":["https:\/\/ablal.de\/ueber-uns\/"]}]},{"@type":"BreadcrumbList","@id":"https:\/\/ablal.de\/ueber-uns\/#breadcrumb","itemListElement":[{"@type":"ListItem","position":1,"name":"Startseite","item":"https:\/\/ablal.de\/"},{"@type":"ListItem","position":2,"name":"\u00dcber uns"}]},{"@type":"WebSite","@id":"https:\/\/ablal.de\/#website","url":"https:\/\/ablal.de\/","name":"Feuille d'aluminium, blisters, lamin\u00e9s","description":"ABL Al","potentialAction":[{"@type":"SearchAction","target":{"@type":"EntryPoint","urlTemplate":"https:\/\/ablal.de\/?s={search_term_string}"},"query-input":{"@type":"PropertyValueSpecification","valueRequired":true,"valueName":"search_term_string"}}],"inLanguage":"fr-FR"}]}},"_links":{"self":[{"href":"https:\/\/ablal.de\/fr\/wp-json\/wp\/v2\/pages\/72","targetHints":{"allow":["GET"]}}],"collection":[{"href":"https:\/\/ablal.de\/fr\/wp-json\/wp\/v2\/pages"}],"about":[{"href":"https:\/\/ablal.de\/fr\/wp-json\/wp\/v2\/types\/page"}],"author":[{"embeddable":true,"href":"https:\/\/ablal.de\/fr\/wp-json\/wp\/v2\/users\/1"}],"replies":[{"embeddable":true,"href":"https:\/\/ablal.de\/fr\/wp-json\/wp\/v2\/comments?post=72"}],"version-history":[{"count":1,"href":"https:\/\/ablal.de\/fr\/wp-json\/wp\/v2\/pages\/72\/revisions"}],"predecessor-version":[{"id":73,"href":"https:\/\/ablal.de\/fr\/wp-json\/wp\/v2\/pages\/72\/revisions\/73"}],"wp:attachment":[{"href":"https:\/\/ablal.de\/fr\/wp-json\/wp\/v2\/media?parent=72"}],"curies":[{"name":"wp","href":"https:\/\/api.w.org\/{rel}","templated":true}]}}